{"id":8034,"date":"2022-08-25T09:51:18","date_gmt":"2022-08-25T07:51:18","guid":{"rendered":"https:\/\/www.atlantapackaging.eu\/cookie-policy\/"},"modified":"2022-09-06T10:05:11","modified_gmt":"2022-09-06T08:05:11","slug":"cookie-policy","status":"publish","type":"page","link":"https:\/\/www.atlantapackaging.eu\/es\/cookie-policy\/","title":{"rendered":"Cookie Policy"},"content":{"rendered":"\t\t<div data-elementor-type=\"wp-page\" data-elementor-id=\"8034\" class=\"elementor elementor-8034 elementor-7925\" data-elementor-post-type=\"page\">\n\t\t\t\t\t\t<section class=\"elementor-section elementor-top-section elementor-element elementor-element-7aba4e6 elementor-section-boxed elementor-section-height-default elementor-section-height-default\" data-id=\"7aba4e6\" data-element_type=\"section\" data-e-type=\"section\">\n\t\t\t\t\t\t<div class=\"elementor-container elementor-column-gap-default\">\n\t\t\t\t\t<div class=\"elementor-column elementor-col-100 elementor-top-column elementor-element elementor-element-0619af3\" data-id=\"0619af3\" data-element_type=\"column\" data-e-type=\"column\">\n\t\t\t<div class=\"elementor-widget-wrap elementor-element-populated\">\n\t\t\t\t\t\t<div class=\"elementor-element elementor-element-ceccdd8 elementor-widget elementor-widget-wpml-language-switcher\" data-id=\"ceccdd8\" data-element_type=\"widget\" data-e-type=\"widget\" data-widget_type=\"wpml-language-switcher.default\">\n\t\t\t\t<div class=\"elementor-widget-container\">\n\t\t\t\t\t<div class=\"wpml-elementor-ls\">\n<div role=\"navigation\" aria-label=\"Selector de idioma\" class=\"wpml-ls-statics-shortcode_actions wpml-ls wpml-ls-legacy-list-horizontal\">\n\t<ul><li class=\"wpml-ls-slot-shortcode_actions wpml-ls-item wpml-ls-item-it wpml-ls-first-item wpml-ls-item-legacy-list-horizontal\">\n\t\t\t\t<a href=\"https:\/\/www.atlantapackaging.eu\/\" hreflang=\"it\" lang=\"it\" class=\"wpml-ls-link\" aria-label=\"Cambiar a Italiano\" title=\"Cambiar a Italiano\">\n\t\t\t\t\t                                    <img decoding=\"async\" src=\"https:\/\/www.atlantapackaging.eu\/wp-content\/plugins\/sitepress-multilingual-cms\/res\/flags\/it.png\" alt=\"\" class=\"wpml-ls-flag\" width=\"0\" height=\"0\" title=\"\"><span class=\"wpml-ls-native\">Italiano<\/span><\/a>\n\t\t\t<\/li><li class=\"wpml-ls-slot-shortcode_actions wpml-ls-item wpml-ls-item-en wpml-ls-item-legacy-list-horizontal\">\n\t\t\t\t<a href=\"https:\/\/www.atlantapackaging.eu\/en\/\" hreflang=\"en\" lang=\"en\" class=\"wpml-ls-link\" aria-label=\"Cambiar a English\" title=\"Cambiar a English\">\n\t\t\t\t\t                                    <img decoding=\"async\" src=\"https:\/\/www.atlantapackaging.eu\/wp-content\/plugins\/sitepress-multilingual-cms\/res\/flags\/en.png\" alt=\"\" class=\"wpml-ls-flag\" width=\"0\" height=\"0\" title=\"\"><span class=\"wpml-ls-native\">English<\/span><\/a>\n\t\t\t<\/li><li class=\"wpml-ls-slot-shortcode_actions wpml-ls-item wpml-ls-item-es wpml-ls-current-language wpml-ls-last-item wpml-ls-item-legacy-list-horizontal\">\n\t\t\t\t<a href=\"https:\/\/www.atlantapackaging.eu\/es\/\" hreflang=\"es\" lang=\"es\" class=\"wpml-ls-link\" aria-current=\"page\" aria-label=\"Cambiar a Espa\u00f1ol\" title=\"Cambiar a Espa\u00f1ol\">\n\t\t\t\t\t                                    <img decoding=\"async\" src=\"https:\/\/www.atlantapackaging.eu\/wp-content\/plugins\/sitepress-multilingual-cms\/res\/flags\/es.png\" alt=\"\" class=\"wpml-ls-flag\" width=\"0\" height=\"0\" title=\"\"><span class=\"wpml-ls-native\">Espa\u00f1ol<\/span><\/a>\n\t\t\t<\/li><\/ul>\n<\/div>\n<\/div>\t\t\t\t<\/div>\n\t\t\t\t<\/div>\n\t\t\t\t<div class=\"elementor-element elementor-element-1ffd4cf elementor-widget elementor-widget-heading\" data-id=\"1ffd4cf\" data-element_type=\"widget\" data-e-type=\"widget\" data-widget_type=\"heading.default\">\n\t\t\t\t\t<h3 class=\"elementor-heading-title elementor-size-default\">Cookie policy<\/h3>\t\t\t\t<\/div>\n\t\t\t\t<div class=\"elementor-element elementor-element-da82a93 elementor-widget elementor-widget-text-editor\" data-id=\"da82a93\" data-element_type=\"widget\" data-e-type=\"widget\" data-widget_type=\"text-editor.default\">\n\t\t\t\t\t\t\t\t\t<p>La presente Pol\u00edtica de cookies ha sido redactada y personalizada espec\u00edficamente para el sitio LINK SITO de propiedad de Atlanta S.p.A., con domicilio en Via Europa n.\u00ba 13 &#8211; 40010 Sala Bolognese (BO), n.\u00ba a efectos de IVA 02144141203, pec <a href=\"mailto:atlantapackaging@legalmail.it\">atlantapackaging@legalmail.it<\/a> e-mail <a href=\"mailto:privacy@atlantapackaging.eu\">privacy@atlantapackaging.eu<\/a> <\/p>\n<p>La presente Pol\u00edtica se ha redactado sobre la base de la orden de la autoridad de control (Garante) encargada de la protecci\u00f3n de los datos personales (n.\u00ba 229 del 8 de mayo de 2014 \u00abIndividuazione delle modalit\u00e0 semplificate per l\u2019informativa e l\u2019acquisizione del consenso per l\u2019uso dei cookie\u00bb (Identificaci\u00f3n de las modalidades simplificadas para el aviso legal y la adquisici\u00f3n del consentimiento para el uso de las cookies) y de la nueva orden n.\u00ba 231 de 10 de junio de 2021 \u00abLinee guida cookie e altri strumenti di tracciamento\u00bb (Directrices sobre el uso de cookies y otras herramientas de rastreo). Esta integra y actualiza otros avisos legales ya presentes en el sitio y\/o expedidos hasta ahora por la empresa, en combinaci\u00f3n con los cuales proporciona todos los elementos que exige el art. 13 del Reglamento UE 2016\/679.   <\/p>\n<p><strong><em>Advertencias importantes<\/em><\/strong><\/p>\n<p>Se informa a todas las terceras partes que el uso de este aviso legal, o incluso solo algunas partes de \u00e9l, en otros sitios web con referencia a los cuales ser\u00eda sin duda no pertinente y\/o err\u00f3neo e\/o incongruente, puede conllevar la imposici\u00f3n de duras sanciones por parte de la autoridad encargada de la protecci\u00f3n de los datos personales.<\/p>\n<p><strong><em>Qu\u00e9 son las cookies<\/em><\/strong><\/p>\n<p>En t\u00e9rminos pr\u00e1cticos y no t\u00e9cnicos, la cookie puede considerarse un sistema de rastreo que consiste en un archivo de tama\u00f1o peque\u00f1o, que el sitio web guarda en el dispositivo del usuario que est\u00e1 navegando. Se utiliza con el prop\u00f3sito de guardar las preferencias que el usuario manifiesta durante la navegaci\u00f3n para mejorar las prestaciones del sitio web y optimizar as\u00ed la experiencia de navegaci\u00f3n.<\/p>\n<p>En t\u00e9rminos t\u00e9cnicos, las cookies se definen como cadenas de texto (formadas generalmente por la combinaci\u00f3n de letras y n\u00fameros) que los sitios web (las llamadas primeras partes) visitados por el usuario o sitios \/ servidores web diferentes (las llamadas terceras partes) posicionan y archivan, directa y\/o indirectamente dentro de un terminal (pc, tabletas, smartphones, entre otros) del que el usuario tiene la disponibilidad. Los servidores para la navegaci\u00f3n por internet y para el funcionamiento del dispositivo pueden almacenar las cookies para volverlas a transmitir luego a los mismos sitios que las han generado, en relaci\u00f3n con una visita sucesiva del mismo usuario. De manera espec\u00edfica, estas herramientas de rastreo permiten al sitio reconocer un dispositivo o navegador determinado.  <\/p>\n<p><strong><em>Tipos de cookies y finalidades correspondientes<\/em><\/strong><\/p>\n<p>Las cookies pueden clasificarse en:<\/p>\n<ul>\n<li>\u2022 Cookies t\u00e9cnicas, utilizadas con el solo objetivo de realizar la transmisi\u00f3n de una comunicaci\u00f3n en una red de comunicaci\u00f3n electr\u00f3nica, o en la medida estrictamente necesaria al proveedor de un servicio de la compa\u00f1\u00eda, de la informaci\u00f3n que haya solicitado expl\u00edcitamente el contrayente o el usuario para facilitar dicho servicio tal y como est\u00e1 previsto por el art. 122 apartado 1 del C\u00f3digo de protecci\u00f3n de datos personales (Codice Privacy). Dichos tipos de cookies no requieren la adquisici\u00f3n del consentimiento por parte del usuario pero deben indicarse en la pol\u00edtica de cookies.  <\/li>\n<li>\u2022 Cookies de preferencias o personalizaci\u00f3n que se utilizan para dirigir a algunas personas determinadas, identificadas o identificables, a acciones espec\u00edficas o esquemas de conducta con el prop\u00f3sito de permitir al responsable modular el suministro del servicio de modo m\u00e1s personalizado y enviar mensajes publicitarios en l\u00ednea con las preferencias manifestadas por el usuario durante la navegaci\u00f3n.<\/li>\n<li>\u2022 Cookies de an\u00e1lisis o de medici\u00f3n instaladas en el terminal del usuario por obra de gestores del sitio visitado o de sitios terceros. Son las cookies de terceros, que tienen fundamentalmente finalidad de an\u00e1lisis y que derivan en su mayor\u00eda de las funcionalidades de Google Analytics. Es posible recabar m\u00e1s informaci\u00f3n en Google Analytics haciendo clic en el siguiente enlace: <a href=\"http:\/\/www.google.it\/intl\/it\/analytics\" target=\"_blank\" rel=\"noopener\">http:\/\/www.google.it\/intl\/it\/analytics<\/a>.   De todas formas, las cookies no permiten identificar al interesado y se entiende que se refieren a solo el dispositivo o a solo la aplicaci\u00f3n con el fin de evitar el rastreo de los datos de navegaci\u00f3n del usuario. Las cookies de an\u00e1lisis pueden tratarse como si fueran cookies t\u00e9cnicas y, por lo tanto, prescindir del consentimiento del usuario, cuando se presentan las siguientes condiciones: \n<ul>\n<li>\u2022 el uso se limita a la producci\u00f3n de estad\u00edsticas agregadas que se pueden utilizar en relaci\u00f3n con el sitio objeto de visita por parte del usuario;<\/li>\n<li>\u2022 con respecto a las cookies de an\u00e1lisis llamadas de terceros, ha de ocultarse la cuarta parte de la direcci\u00f3n IP objeto de rastreo;<\/li>\n<li>\u2022 en relaci\u00f3n con las cookies de an\u00e1lisis llamadas de terceros, deber\u00e1 impedirse a las terceras partes utilizar las cookies de an\u00e1lisis en combinaci\u00f3n con otras elaboraciones y transmitirlas a otras terceras partes.<\/li>\n<\/ul>\n<\/li>\n<\/ul>\n<p><strong><em>Legislaci\u00f3n aplicable<\/em><\/strong><\/p>\n<p>Para el uso de las cookies y de otras herramientas de rastreo t\u00e9cnico, el responsable del tratamiento est\u00e1 sujeto \u00fanicamente a la obligaci\u00f3n de proporcionar un aviso legal espec\u00edfico al interesado. &nbsp;Con respecto a las cookies y otras herramientas de rastreo para fines diferentes de los t\u00e9cnicos, el uso est\u00e1 permitido \u00fanica y exclusivamente despu\u00e9s de haber obtenido el consentimiento informado del usuario, que debe ser expresado con un acto inequivocable con arreglo al considerando 32.<\/p>\n<p><strong><em>Mecanismo de adquisici\u00f3n del consentimiento <\/em><\/strong><\/p>\n<p>E responsable del tratamiento garantiza el mecanismo de adquisici\u00f3n del consentimiento a trav\u00e9s de la presentaci\u00f3n de un anuncio (banner) durante el primer acceso del usuario al sitio.<\/p>\n<p>El anuncio contiene:<\/p>\n<ul>\n<li>\u2022 una X arriba a la derecha que equivale al no consentimiento por parte del usuario;<\/li>\n<li>\u2022 un aviso legal breve en el que se expone que el sitio utiliza cookies t\u00e9cnicas y solo, despu\u00e9s de la adquisici\u00f3n del consentimiento por parte del usuario, tambi\u00e9n cookies de personalizaci\u00f3n;<\/li>\n<li>\u2022 un enlace a la pol\u00edtica de protecci\u00f3n de datos y a la pol\u00edtica de cookies;<\/li>\n<li>\u2022 un control a trav\u00e9s del cual el usuario manifiesta su consentimiento;<\/li>\n<li>\u2022 un enlace a un \u00e1rea dedicada a la elecci\u00f3n y a la personalizaci\u00f3n de las cookies en la que el usuario podr\u00e1 dar libremente su consentimiento con respecto a las funciones, a los proveedores y a las cookies espec\u00edficas que tiene la intenci\u00f3n de aceptar.<\/li>\n<\/ul>\n<p>En el supuesto de que el usuario no de su consentimiento a usar cookies y otras herramientas de rastreo y en el supuesto de que el usuario haya elegido dar su consentimiento solo para el uso de ciertas cookies, la elecci\u00f3n se registrar\u00e1 y no se solicitar\u00e1 de nuevo, salvo en las siguientes suposiciones:<\/p>\n<ul>\n<li>\u2022 cuando cambien de manera significativa una o varias condiciones del tratamiento;<\/li>\n<li>\u2022 cuando sea imposible, para el administrador del sitio, saber si una cookies se ha guardado ya en el dispositivo;<\/li>\n<li>\u2022 cuando hayan transcurrido al menos seis (6) meses de la presentaci\u00f3n anterior del anuncio.<\/li>\n<\/ul>\t\t\t\t\t\t\t\t<\/div>\n\t\t\t\t\t<\/div>\n\t\t<\/div>\n\t\t\t\t\t<\/div>\n\t\t<\/section>\n\t\t\t\t<section class=\"elementor-section elementor-top-section elementor-element elementor-element-f5572aa elementor-section-boxed elementor-section-height-default elementor-section-height-default\" data-id=\"f5572aa\" data-element_type=\"section\" data-e-type=\"section\">\n\t\t\t\t\t\t<div class=\"elementor-container elementor-column-gap-default\">\n\t\t\t\t\t<div class=\"elementor-column elementor-col-100 elementor-top-column elementor-element elementor-element-e1b0d11\" data-id=\"e1b0d11\" data-element_type=\"column\" data-e-type=\"column\">\n\t\t\t<div class=\"elementor-widget-wrap elementor-element-populated\">\n\t\t\t\t\t\t<div class=\"elementor-element elementor-element-960ed50 elementor-widget elementor-widget-text-editor\" data-id=\"960ed50\" data-element_type=\"widget\" data-e-type=\"widget\" data-widget_type=\"text-editor.default\">\n\t\t\t\t\t\t\t\t\t<script\n\t\ttype=\"text\/javascript\"\n\t\tid=\"CookieDeclaration\"\n\t\tsrc=\"https:\/\/consent.cookiebot.com\/c7cac3ad-871f-4a9a-8a20-3a83222408e4\/cd.js\"\n\t\t\tdata-culture=\"ES\"\n\t\tasync><\/script>\n\t\t\t\t\t\t\t\t<\/div>\n\t\t\t\t\t<\/div>\n\t\t<\/div>\n\t\t\t\t\t<\/div>\n\t\t<\/section>\n\t\t\t\t<section class=\"elementor-section elementor-top-section elementor-element elementor-element-ea86ffb elementor-section-boxed elementor-section-height-default elementor-section-height-default\" data-id=\"ea86ffb\" data-element_type=\"section\" data-e-type=\"section\">\n\t\t\t\t\t\t<div class=\"elementor-container elementor-column-gap-default\">\n\t\t\t\t\t<div class=\"elementor-column elementor-col-100 elementor-top-column elementor-element elementor-element-7a12cc9\" data-id=\"7a12cc9\" data-element_type=\"column\" data-e-type=\"column\">\n\t\t\t<div class=\"elementor-widget-wrap elementor-element-populated\">\n\t\t\t\t\t\t<div class=\"elementor-element elementor-element-9c86152 elementor-widget elementor-widget-text-editor\" data-id=\"9c86152\" data-element_type=\"widget\" data-e-type=\"widget\" data-widget_type=\"text-editor.default\">\n\t\t\t\t\t\t\t\t\t<p><strong><em>Las configuraciones del navegador<\/em>                <\/strong><\/p><p>Adem\u00e1s, informamos que el usuario puede configurar libremente y en cualquier momento sus par\u00e1metros de privacidad en relaci\u00f3n con la instalaci\u00f3n y el uso de las cookies, directamente a trav\u00e9s de su programa de navegaci\u00f3n (navegador o browser) siguiendo las instrucciones correspondientes.<\/p><p>En concreto, el usuario puede configurar la llamada \u00abnavegaci\u00f3n privada\u00bb gracias a la cual su programa de navegaci\u00f3n interrumpe el almacenamiento del historial de los sitios visitados, de las posibles contrase\u00f1as introducidas, de las cookies y de la dem\u00e1s informaci\u00f3n de las p\u00e1ginas visitadas.<\/p><p>Hacemos notar que, en el caso de que el usuario decida desactivar todas las cookies (tambi\u00e9n las de tipo t\u00e9cnico), la calidad y la rapidez de los servicios proporcionados por este sitio web podr\u00edan empeorar dr\u00e1sticamente y se podr\u00eda perder el acceso a algunas secciones del sitio mismo.<\/p><p><strong><em>Derechos de los interesados <\/em><\/strong><\/p><p>Le informamos de que, como interesado al tratamiento, usted tiene derecho a ejercer los siguientes derechos:<\/p><p><strong>Derecho de acceso<\/strong> con arreglo al art. 15 del Reg. UE 2016\/679, el interesado tiene el derecho de confirmar que existe o no existe un tratamiento de datos personales que le ata\u00f1en y, en tal caso, puede obtener entre otras cosas, el acceso a sus datos personales y a la informaci\u00f3n inherente al objetivo del tratamiento, las categor\u00edas de datos personales en cuesti\u00f3n, los destinatarios y las categor\u00edas de destinatarios a los que se han comunicado los datos personales. <\/p><p><strong>Derecho de rectificaci\u00f3n<\/strong> con arreglo al art. 16 del Reglamento:<\/p><ul><li>\u2022 rectificaci\u00f3n de los datos personales incorrectos que le ata\u00f1an sin retraso injustificado;<\/li><li>\u2022 integraci\u00f3n de sus datos personales, se incompletos.<\/li><\/ul><p><strong>Derecho a la supresi\u00f3n<\/strong> (\u00abderecho al olvido\u00bb) con arreglo al art. 17 del Reglamento, supresi\u00f3n de los datos personales que le ata\u00f1an sin retraso injustificado. <\/p><p><strong>Derecho de limitaci\u00f3n de tratamiento<\/strong> con arreglo al art. 18 del Reglamento, limitaci\u00f3n del tratamiento en los siguientes casos: <\/p><ul><li>\u2022 el interesado contesta la exactitud de los datos personales, por el periodo necesario al responsable del tratamiento para comprobar la exactitud de dichos datos personales;<\/li><li>\u2022 el tratamiento es il\u00edcito y el interesado se opone a la supresi\u00f3n de los datos personales y solicita en cambio que se limite su utilizaci\u00f3n;<\/li><li>\u2022 aunque el responsable del tratamiento no los necesite para los fines del tratamiento, los datos personales son necesarios al interesado para la comprobaci\u00f3n, el ejercicio o la defensa de un derecho judicialmente;<\/li><li>\u2022 el interesado se ha opuesto al tratamiento con arreglo al art. 21, apartado 1, a la espera de la comprobaci\u00f3n con respecto a la posible prevalencia de los motivos leg\u00edtimos del responsable del tratamiento con respecto a los del interesado.<\/li><\/ul><p><strong>Derecho a la portabilidad<\/strong> de los datos con arreglo al art. 20 del Reglamento, es posible recibir en un formato estructurado, de uso com\u00fan y que se pueda leer con un dispositivo autom\u00e1tico, los datos personales que le ata\u00f1an y que nosotros tengamos; <\/p><p><strong>Derecho de transmitir tales datos a otro responsable del tratamiento<\/strong> sin impedimentos por parte del responsable del tratamiento que le ha proporcionado en los casos con arreglo al el art\u00edculo 20 del Reglamento.<\/p><p><strong>Derecho de oposici\u00f3n<\/strong> para tratamientos ejecutados con arreglo al art\u00edculo 6, apartado 1 letra e) o f) y con arreglo al art. 21 del Reglamento, oposici\u00f3n, en cualquier momento, por motivos relacionados con su situaci\u00f3n especial, al tratamiento de los datos personales que le ata\u00f1an incluida la personalizaci\u00f3n.   <\/p><p>Dichas solicitudes podr\u00e1n dirigirse al Responsable del tratamiento.<\/p><p>El responsable del tratamiento es Atlanta S.p.A., con domicilio en Via Europa n. 13 &#8211; 40010 Sala Bolognese (BO), n.\u00ba a efectos de IVA 02144141203, e-mail <a href=\"\">atlantapackaging@legalmail.it<\/a>.e-mail <a href=\"\">privacy@atlantapackaging.eu<\/a> <\/p><p> <\/p><p>Las solicitudes podr\u00e1n enviarse mediante:<\/p><ul><li>&#8211; correo certificado con acuse de recibo a Atlanta S.p.A., Via Europa n. 13 &#8211; 40010 Sala Bolognese (BO); <\/li><li>&#8211; correo electr\u00f3nico a la direcci\u00f3n <a href=\"mailto:atlantapackaging@legalmail.it\">atlantapackaging@legalmail.it<\/a><\/li><\/ul><p> <\/p><p>Adem\u00e1s, en el caso de que se considere que el tratamiento se haya llevado a cabo en contra de los que exige la normativa sobre la protecci\u00f3n de los datos personales, se reconoce el derecho de presentar reclamaci\u00f3n a la autoridad de control para la protecci\u00f3n de los datos personales (Garante), Piazza Venezia, 11 &#8211; 00187 &#8211; Roma.<\/p>\t\t\t\t\t\t\t\t<\/div>\n\t\t\t\t\t<\/div>\n\t\t<\/div>\n\t\t\t\t\t<\/div>\n\t\t<\/section>\n\t\t\t\t<\/div>\n\t\t","protected":false},"excerpt":{"rendered":"<p>Italiano English Espa\u00f1ol \u7b80\u4f53\u4e2d\u6587 Cookie policy La presente Pol\u00edtica de cookies ha sido redactada y personalizada espec\u00edficamente para el sitio LINK SITO de propiedad de Atlanta S.p.A., con domicilio en Via Europa n.\u00ba 13 &#8211; 40010 Sala Bolognese (BO), n.\u00ba a efectos de IVA 02144141203, pec atlantapackaging@legalmail.it e-mail privacy@atlantapackaging.eu La presente Pol\u00edtica se ha redactado [&hellip;]<\/p>\n","protected":false},"author":1,"featured_media":0,"parent":0,"menu_order":0,"comment_status":"closed","ping_status":"closed","template":"elementor_header_footer","meta":{"footnotes":""},"class_list":["post-8034","page","type-page","status-publish","hentry"],"_links":{"self":[{"href":"https:\/\/www.atlantapackaging.eu\/es\/wp-json\/wp\/v2\/pages\/8034","targetHints":{"allow":["GET"]}}],"collection":[{"href":"https:\/\/www.atlantapackaging.eu\/es\/wp-json\/wp\/v2\/pages"}],"about":[{"href":"https:\/\/www.atlantapackaging.eu\/es\/wp-json\/wp\/v2\/types\/page"}],"author":[{"embeddable":true,"href":"https:\/\/www.atlantapackaging.eu\/es\/wp-json\/wp\/v2\/users\/1"}],"replies":[{"embeddable":true,"href":"https:\/\/www.atlantapackaging.eu\/es\/wp-json\/wp\/v2\/comments?post=8034"}],"version-history":[{"count":0,"href":"https:\/\/www.atlantapackaging.eu\/es\/wp-json\/wp\/v2\/pages\/8034\/revisions"}],"wp:attachment":[{"href":"https:\/\/www.atlantapackaging.eu\/es\/wp-json\/wp\/v2\/media?parent=8034"}],"curies":[{"name":"wp","href":"https:\/\/api.w.org\/{rel}","templated":true}]}}