{"id":8030,"date":"2022-08-25T09:20:54","date_gmt":"2022-08-25T07:20:54","guid":{"rendered":"https:\/\/www.atlantapackaging.eu\/informativa-compilazione-form-contatti\/"},"modified":"2022-09-06T09:28:08","modified_gmt":"2022-09-06T07:28:08","slug":"informativa-compilazione-form-contatti","status":"publish","type":"page","link":"https:\/\/www.atlantapackaging.eu\/es\/informativa-compilazione-form-contatti\/","title":{"rendered":"AVISO LEGAL CUMPLIMENTACI\u00d3N FORMULARIO CONTACTOS"},"content":{"rendered":"\t\t<div data-elementor-type=\"wp-page\" data-elementor-id=\"8030\" class=\"elementor elementor-8030 elementor-7900\" data-elementor-post-type=\"page\">\n\t\t\t\t\t\t<section class=\"elementor-section elementor-top-section elementor-element elementor-element-9ae7a5b elementor-section-boxed elementor-section-height-default elementor-section-height-default\" data-id=\"9ae7a5b\" data-element_type=\"section\" data-e-type=\"section\">\n\t\t\t\t\t\t<div class=\"elementor-container elementor-column-gap-default\">\n\t\t\t\t\t<div class=\"elementor-column elementor-col-100 elementor-top-column elementor-element elementor-element-c8283c0\" data-id=\"c8283c0\" data-element_type=\"column\" data-e-type=\"column\">\n\t\t\t<div class=\"elementor-widget-wrap elementor-element-populated\">\n\t\t\t\t\t\t<div class=\"elementor-element elementor-element-2d9de68 elementor-widget elementor-widget-wpml-language-switcher\" data-id=\"2d9de68\" data-element_type=\"widget\" data-e-type=\"widget\" data-widget_type=\"wpml-language-switcher.default\">\n\t\t\t\t<div class=\"elementor-widget-container\">\n\t\t\t\t\t<div class=\"wpml-elementor-ls\">\n<div role=\"navigation\" aria-label=\"Selector de idioma\" class=\"wpml-ls-statics-shortcode_actions wpml-ls wpml-ls-legacy-list-horizontal\">\n\t<ul><li class=\"wpml-ls-slot-shortcode_actions wpml-ls-item wpml-ls-item-it wpml-ls-first-item wpml-ls-item-legacy-list-horizontal\">\n\t\t\t\t<a href=\"https:\/\/www.atlantapackaging.eu\/\" hreflang=\"it\" lang=\"it\" class=\"wpml-ls-link\" aria-label=\"Cambiar a Italiano\" title=\"Cambiar a Italiano\">\n\t\t\t\t\t                                    <img decoding=\"async\" src=\"https:\/\/www.atlantapackaging.eu\/wp-content\/plugins\/sitepress-multilingual-cms\/res\/flags\/it.png\" alt=\"\" class=\"wpml-ls-flag\" width=\"0\" height=\"0\" title=\"\"><span class=\"wpml-ls-native\">Italiano<\/span><\/a>\n\t\t\t<\/li><li class=\"wpml-ls-slot-shortcode_actions wpml-ls-item wpml-ls-item-en wpml-ls-item-legacy-list-horizontal\">\n\t\t\t\t<a href=\"https:\/\/www.atlantapackaging.eu\/en\/\" hreflang=\"en\" lang=\"en\" class=\"wpml-ls-link\" aria-label=\"Cambiar a English\" title=\"Cambiar a English\">\n\t\t\t\t\t                                    <img decoding=\"async\" src=\"https:\/\/www.atlantapackaging.eu\/wp-content\/plugins\/sitepress-multilingual-cms\/res\/flags\/en.png\" alt=\"\" class=\"wpml-ls-flag\" width=\"0\" height=\"0\" title=\"\"><span class=\"wpml-ls-native\">English<\/span><\/a>\n\t\t\t<\/li><li class=\"wpml-ls-slot-shortcode_actions wpml-ls-item wpml-ls-item-es wpml-ls-current-language wpml-ls-last-item wpml-ls-item-legacy-list-horizontal\">\n\t\t\t\t<a href=\"https:\/\/www.atlantapackaging.eu\/es\/\" hreflang=\"es\" lang=\"es\" class=\"wpml-ls-link\" aria-current=\"page\" aria-label=\"Cambiar a Espa\u00f1ol\" title=\"Cambiar a Espa\u00f1ol\">\n\t\t\t\t\t                                    <img decoding=\"async\" src=\"https:\/\/www.atlantapackaging.eu\/wp-content\/plugins\/sitepress-multilingual-cms\/res\/flags\/es.png\" alt=\"\" class=\"wpml-ls-flag\" width=\"0\" height=\"0\" title=\"\"><span class=\"wpml-ls-native\">Espa\u00f1ol<\/span><\/a>\n\t\t\t<\/li><\/ul>\n<\/div>\n<\/div>\t\t\t\t<\/div>\n\t\t\t\t<\/div>\n\t\t\t\t<div class=\"elementor-element elementor-element-2b0a2bb elementor-widget elementor-widget-heading\" data-id=\"2b0a2bb\" data-element_type=\"widget\" data-e-type=\"widget\" data-widget_type=\"heading.default\">\n\t\t\t\t\t<h3 class=\"elementor-heading-title elementor-size-default\">AVISO LEGAL CUMPLIMENTACI\u00d3N FORMULARIO CONTACTOS EN RELACI\u00d3N CON LA PROTECCI\u00d3N DE LOS DATOS PERSONALES CON ARREGLO AL ART. 13 DEL REGLAMENTO (UE) 2016\/ 679 <\/h3>\t\t\t\t<\/div>\n\t\t\t\t<div class=\"elementor-element elementor-element-7e612d2 elementor-widget elementor-widget-text-editor\" data-id=\"7e612d2\" data-element_type=\"widget\" data-e-type=\"widget\" data-widget_type=\"text-editor.default\">\n\t\t\t\t\t\t\t\t\t<p>Con arreglo al art. 13 del Reglamento (UE) 2016\/679 Atlanta S.p.A., con domicilio en Via Europa n.\u00ba 13 &#8211; 40010 Sala Bolognese (BO), P. IVA 02144141203, e-mail <a href=\"mailto:atlantapackaging@legalmail.it\">atlantapackaging@legalmail.it.<\/a>, <a href=\"mailto:privacy@atlantapackaging.eu\">privacy@atlantapackaging.eu<\/a><strong>,<\/strong> como Responsable del tratamiento, informa a los usuarios del tratamiento de los datos personales que deriva de la cumplimentaci\u00f3n del formulario contactos.  <\/p><p><strong><em>Responsable del tratamiento <\/em><\/strong><\/p><p>El responsable del tratamiento es Atlanta S.p.A., con domicilio en Via Europa n. 13 &#8211; 40010 Sala Bolognese (BO), n.\u00ba a efectos de IVA 02144141203, pec <a href=\"mailto:atlantapackaging@legalmail.it\">atlantapackaging@legalmail.it<\/a> e-mail <a href=\"mailto:privacy@atlantapackaging.eu\">privacy@atlantapackaging.eu<\/a> <\/p><p><strong><em>Interesados<\/em><\/strong><\/p><p>Usuarios que utilizan los servicios interesados en el contacto con el responsable del tratamiento y con la inscripci\u00f3n correspondiente al formulario de contactos.<\/p><p><strong><em>Datos tratados<\/em><\/strong><\/p><p>Los datos tratados son los introducidos en el formularios, es decir, datos de identificaci\u00f3n como el nombre y de contacto como la e-direcci\u00f3n de correo electr\u00f3nico personal. Los datos recogidos son solo los estrictamente necesarios para cumplir con el servicio solicitado, respetando el responsable el principio de minimizaci\u00f3n establecido por el art\u00edculo 5 del Reglamento Europeo.  <\/p><p>Los datos facilitados ser\u00e1n tratados por el responsable para contactar con el usuario seg\u00fan la petici\u00f3n sometida al responsable del tratamiento.<\/p><p><strong><em>Finalidad del tratamiento <\/em><\/strong><\/p><ol><li>1. Los datos personales introducidos en el formulario de inscripci\u00f3n, enviados por elecci\u00f3n del usuario y se utilizar\u00e1n voluntariamente para el cotejo de las peticiones sometidas por el usuario o para cumplir con el contacto solicitado por el formulario mismo.<\/li><li>2. Los datos personales enviados por elecci\u00f3n del usuario podr\u00e1n ser utilizados, previo consentimiento del mismo, tambi\u00e9n para volver a contactar al usuario en relaci\u00f3n con la actualizaci\u00f3n de los productos solicitados.<\/li><\/ol><p><strong><em>Naturaleza de la concesi\u00f3n <\/em><\/strong><\/p><p>La concesi\u00f3n de los datos personales para perseguir el fin del punto 1) es obligatorio para controlar la petici\u00f3n del usuario; la concesi\u00f3n de los datos personales para el desempe\u00f1o de su cometido seg\u00fan el punto 2) es, por su parte, facultativa. Sin embargo, la falta de concesi\u00f3n conlleva la imposibilidad de que el responsable del tratamiento pueda atender el objetivo del tratamiento.   <\/p><p><strong><em>Base jur\u00eddica del tratamiento<\/em><\/strong><\/p><ul><li>\u2022 La base jur\u00eddica del tratamiento para los datos personales para la consecuci\u00f3n del objetivo seg\u00fan el punto 1) la constituye en el art. 6 letra b) del Reg. Eu. 679\/2016, esto es, la ejecuci\u00f3n de las medidas precontractuales adoptadas a petici\u00f3n del interesado;  <\/li><li>\u2022 la base jur\u00eddica del tratamiento para los datos personales para la persecuci\u00f3n del objetivo seg\u00fan el punto 2) la constituye el art. 6 letra a) del Reg. Eu 679\/2016, esto es, en el consentimiento del usuario libremente expresado y revocable en cualquier momento.  <\/li><\/ul><p><strong><em> <\/em><\/strong><\/p><p><strong><em>Modalidad del tratamiento <\/em><\/strong><\/p><p>El tratamiento de los datos personales se ejecuta a trav\u00e9s de procedimientos inform\u00e1ticos y de todas formas de medios telem\u00e1ticos y soportes de papel por obra de sujetos, internos o externos, encargados espec\u00edficamente de ello, autorizado y comprometidos con la confidencialidad. Los datos se tratan y conservan con herramientas apropiadas para garantizar la seguridad, la integridad y la confidencialidad mediante la adopci\u00f3n de medidas de seguridad apropiadas tal y como prev\u00e9 la normativa. <\/p><p><strong><em>Tiempos de conservaci\u00f3n <\/em><\/strong><\/p><p>Los datos se conservaran durante 2 a\u00f1os a partir de la transmisi\u00f3n de la petici\u00f3n de contactos.<\/p><p><strong><em>Comunicaci\u00f3n, difusi\u00f3n y transferencia <\/em><\/strong><\/p><p>Los datos recogidos no se difundir\u00e1n, vender\u00e1n o intercambiar\u00e1n con terceros sin el consentimiento expresado por el interesado, salvo posibles comunicaciones a terceros autorizados -comprometidos con la confidencialidad o en el caso nombrados encargados del tratamiento con arreglo al art. 28 del Reglamento (UE) 2016\/679. El listado completo y actualizado de los encargados del tratamiento se pueden obtener, a petici\u00f3n, a trav\u00e9s de las modalidades que se indican en este aviso legal. Los datos podr\u00e1n ser comunicados a las autoridades competentes, seg\u00fan los t\u00e9rminos legales.  <\/p><p><strong><em>No est\u00e1 previsto la transferencia de los datos fuera de la Uni\u00f3n Europea.<\/em><\/strong><\/p><p><strong><em>Derechos de los interesados<\/em><\/strong><\/p><p>En cualquier momento, los interesados tienen el derecho de acceder a sus datos personales, de solicitar su rectificaci\u00f3n, la actualizaci\u00f3n y la supresi\u00f3n correspondiente. Asimismo, es posible oponerse al tratamiento y solicitar su limitaci\u00f3n. <\/p><p>Dichas peticiones podr\u00e1n dirigirse a Atlanta S.p.A., con domicilio en Via Europa n. 13 &#8211; 40010 Sala Bolognese (BO), n.\u00ba a efectos de IVA 02144141203, pec <a href=\"mailto:atlantapackaging@legalmail.it\">atlantapackaging@legalmail.it<\/a> e-mail <a href=\"mailto:privacy@atlantapackaging.eu\">privacy@atlantapackaging.eu<\/a> <\/p><p> <\/p><p>Adem\u00e1s, en el caso de que se considere que el tratamiento se haya llevado a cabo en contra de los que exige la normativa sobre la protecci\u00f3n de los datos personales, se reconoce el derecho de presentar reclamaci\u00f3n a la autoridad de control para la protecci\u00f3n de los datos personales (Garante), Piazza Venezia, 11 &#8211; 00187 &#8211; Roma.<\/p><p> <\/p>\t\t\t\t\t\t\t\t<\/div>\n\t\t\t\t\t<\/div>\n\t\t<\/div>\n\t\t\t\t\t<\/div>\n\t\t<\/section>\n\t\t\t\t<\/div>\n\t\t","protected":false},"excerpt":{"rendered":"<p>Italiano English Espa\u00f1ol \u7b80\u4f53\u4e2d\u6587 AVISO LEGAL CUMPLIMENTACI\u00d3N FORMULARIO CONTACTOS EN RELACI\u00d3N CON LA PROTECCI\u00d3N DE LOS DATOS PERSONALES CON ARREGLO AL ART. 13 DEL REGLAMENTO (UE) 2016\/ 679 Con arreglo al art. 13 del Reglamento (UE) 2016\/679 Atlanta S.p.A., con domicilio en Via Europa n.\u00ba 13 &#8211; 40010 Sala Bolognese (BO), P. IVA 02144141203, e-mail [&hellip;]<\/p>\n","protected":false},"author":1,"featured_media":0,"parent":0,"menu_order":0,"comment_status":"closed","ping_status":"closed","template":"elementor_header_footer","meta":{"footnotes":""},"class_list":["post-8030","page","type-page","status-publish","hentry"],"_links":{"self":[{"href":"https:\/\/www.atlantapackaging.eu\/es\/wp-json\/wp\/v2\/pages\/8030","targetHints":{"allow":["GET"]}}],"collection":[{"href":"https:\/\/www.atlantapackaging.eu\/es\/wp-json\/wp\/v2\/pages"}],"about":[{"href":"https:\/\/www.atlantapackaging.eu\/es\/wp-json\/wp\/v2\/types\/page"}],"author":[{"embeddable":true,"href":"https:\/\/www.atlantapackaging.eu\/es\/wp-json\/wp\/v2\/users\/1"}],"replies":[{"embeddable":true,"href":"https:\/\/www.atlantapackaging.eu\/es\/wp-json\/wp\/v2\/comments?post=8030"}],"version-history":[{"count":0,"href":"https:\/\/www.atlantapackaging.eu\/es\/wp-json\/wp\/v2\/pages\/8030\/revisions"}],"wp:attachment":[{"href":"https:\/\/www.atlantapackaging.eu\/es\/wp-json\/wp\/v2\/media?parent=8030"}],"curies":[{"name":"wp","href":"https:\/\/api.w.org\/{rel}","templated":true}]}}