{"id":8026,"date":"2022-07-12T09:53:32","date_gmt":"2022-07-12T07:53:32","guid":{"rendered":"https:\/\/www.atlantapackaging.eu\/privacy-policy\/"},"modified":"2022-09-06T09:16:54","modified_gmt":"2022-09-06T07:16:54","slug":"privacy-policy","status":"publish","type":"page","link":"https:\/\/www.atlantapackaging.eu\/es\/privacy-policy\/","title":{"rendered":"Privacy Policy"},"content":{"rendered":"\t\t<div data-elementor-type=\"wp-page\" data-elementor-id=\"8026\" class=\"elementor elementor-8026 elementor-3\" data-elementor-post-type=\"page\">\n\t\t\t\t\t\t<section class=\"elementor-section elementor-top-section elementor-element elementor-element-5f4ea644 elementor-section-boxed elementor-section-height-default elementor-section-height-default\" data-id=\"5f4ea644\" data-element_type=\"section\" data-e-type=\"section\">\n\t\t\t\t\t\t<div class=\"elementor-container elementor-column-gap-default\">\n\t\t\t\t\t<div class=\"elementor-column elementor-col-100 elementor-top-column elementor-element elementor-element-60daafd9\" data-id=\"60daafd9\" data-element_type=\"column\" data-e-type=\"column\">\n\t\t\t<div class=\"elementor-widget-wrap elementor-element-populated\">\n\t\t\t\t\t\t\t<\/div>\n\t\t<\/div>\n\t\t\t\t\t<\/div>\n\t\t<\/section>\n\t\t\t\t<section class=\"elementor-section elementor-top-section elementor-element elementor-element-ecba0df elementor-section-boxed elementor-section-height-default elementor-section-height-default\" data-id=\"ecba0df\" data-element_type=\"section\" data-e-type=\"section\">\n\t\t\t\t\t\t<div class=\"elementor-container elementor-column-gap-default\">\n\t\t\t\t\t<div class=\"elementor-column elementor-col-100 elementor-top-column elementor-element elementor-element-52b1db2\" data-id=\"52b1db2\" data-element_type=\"column\" data-e-type=\"column\">\n\t\t\t<div class=\"elementor-widget-wrap elementor-element-populated\">\n\t\t\t\t\t\t<div class=\"elementor-element elementor-element-813af2c elementor-widget elementor-widget-wpml-language-switcher\" data-id=\"813af2c\" data-element_type=\"widget\" data-e-type=\"widget\" data-widget_type=\"wpml-language-switcher.default\">\n\t\t\t\t<div class=\"elementor-widget-container\">\n\t\t\t\t\t<div class=\"wpml-elementor-ls\">\n<div role=\"navigation\" aria-label=\"Selector de idioma\" class=\"wpml-ls-statics-shortcode_actions wpml-ls wpml-ls-legacy-list-horizontal\">\n\t<ul><li class=\"wpml-ls-slot-shortcode_actions wpml-ls-item wpml-ls-item-it wpml-ls-first-item wpml-ls-item-legacy-list-horizontal\">\n\t\t\t\t<a href=\"https:\/\/www.atlantapackaging.eu\/\" hreflang=\"it\" lang=\"it\" class=\"wpml-ls-link\" aria-label=\"Cambiar a Italiano\" title=\"Cambiar a Italiano\">\n\t\t\t\t\t                                    <img decoding=\"async\" src=\"https:\/\/www.atlantapackaging.eu\/wp-content\/plugins\/sitepress-multilingual-cms\/res\/flags\/it.png\" alt=\"\" class=\"wpml-ls-flag\" width=\"0\" height=\"0\" title=\"\"><span class=\"wpml-ls-native\">Italiano<\/span><\/a>\n\t\t\t<\/li><li class=\"wpml-ls-slot-shortcode_actions wpml-ls-item wpml-ls-item-en wpml-ls-item-legacy-list-horizontal\">\n\t\t\t\t<a href=\"https:\/\/www.atlantapackaging.eu\/en\/\" hreflang=\"en\" lang=\"en\" class=\"wpml-ls-link\" aria-label=\"Cambiar a English\" title=\"Cambiar a English\">\n\t\t\t\t\t                                    <img decoding=\"async\" src=\"https:\/\/www.atlantapackaging.eu\/wp-content\/plugins\/sitepress-multilingual-cms\/res\/flags\/en.png\" alt=\"\" class=\"wpml-ls-flag\" width=\"0\" height=\"0\" title=\"\"><span class=\"wpml-ls-native\">English<\/span><\/a>\n\t\t\t<\/li><li class=\"wpml-ls-slot-shortcode_actions wpml-ls-item wpml-ls-item-es wpml-ls-current-language wpml-ls-last-item wpml-ls-item-legacy-list-horizontal\">\n\t\t\t\t<a href=\"https:\/\/www.atlantapackaging.eu\/es\/\" hreflang=\"es\" lang=\"es\" class=\"wpml-ls-link\" aria-current=\"page\" aria-label=\"Cambiar a Espa\u00f1ol\" title=\"Cambiar a Espa\u00f1ol\">\n\t\t\t\t\t                                    <img decoding=\"async\" src=\"https:\/\/www.atlantapackaging.eu\/wp-content\/plugins\/sitepress-multilingual-cms\/res\/flags\/es.png\" alt=\"\" class=\"wpml-ls-flag\" width=\"0\" height=\"0\" title=\"\"><span class=\"wpml-ls-native\">Espa\u00f1ol<\/span><\/a>\n\t\t\t<\/li><\/ul>\n<\/div>\n<\/div>\t\t\t\t<\/div>\n\t\t\t\t<\/div>\n\t\t\t\t<div class=\"elementor-element elementor-element-8973d35 elementor-widget elementor-widget-text-editor\" data-id=\"8973d35\" data-element_type=\"widget\" data-e-type=\"widget\" data-widget_type=\"text-editor.default\">\n\t\t\t\t\t\t\t\t\t<p>En esta p\u00e1gina se describen las modalidades de administraci\u00f3n del sitio en relaci\u00f3n con el tratamiento de los datos personales de los usuarios que lo consultan. Se trata del aviso legal dado con arreglo al art. 13 del Reglamento Europeo 2016\/679 a aquellos que interact\u00faan con los servicios web de la empresa.  <\/p>\n<p>El aviso legal identifica algunos requisitos m\u00ednimos para la recogida de datos personales en l\u00ednea y, en especial, las modalidades, los tiempos y la naturaleza de la informaci\u00f3n que los responsables del tratamiento tienen que proporcionar a los usuarios cuando estos se conectan a p\u00e1ginas web, sean cuales sean los objetivos de la conexi\u00f3n.<\/p>\t\t\t\t\t\t\t\t<\/div>\n\t\t\t\t<div class=\"elementor-element elementor-element-c4229f5 elementor-widget elementor-widget-heading\" data-id=\"c4229f5\" data-element_type=\"widget\" data-e-type=\"widget\" data-widget_type=\"heading.default\">\n\t\t\t\t\t<h5 class=\"elementor-heading-title elementor-size-default\">El responsable del tratamiento<\/h5>\t\t\t\t<\/div>\n\t\t\t\t<div class=\"elementor-element elementor-element-6c105ce elementor-widget elementor-widget-text-editor\" data-id=\"6c105ce\" data-element_type=\"widget\" data-e-type=\"widget\" data-widget_type=\"text-editor.default\">\n\t\t\t\t\t\t\t\t\t<p>El \u00abresponsable\u00bb del tratamiento es Atlanta S.p.A., con domicilio en Via Europa n. 13 &#8211; 40010 Sala Bolognese (BO), n.\u00ba a efectos de IVA 02144141203, e-mail <a href=\"mailto:atlantapackaging@legalmail.it\">atlantapackaging@legalmail.it<\/a>  e-mail <a href=\"mailto:privacy@atlantapackaging.eu\">privacy@atlantapackaging.eu<\/a><strong>,<\/strong> en la persona del representante legal pro tempore.<\/p>\t\t\t\t\t\t\t\t<\/div>\n\t\t\t\t<div class=\"elementor-element elementor-element-c424913 elementor-widget elementor-widget-heading\" data-id=\"c424913\" data-element_type=\"widget\" data-e-type=\"widget\" data-widget_type=\"heading.default\">\n\t\t\t\t\t<h5 class=\"elementor-heading-title elementor-size-default\">Lugar de tratamiento de los datos<\/h5>\t\t\t\t<\/div>\n\t\t\t\t<div class=\"elementor-element elementor-element-a468a57 elementor-widget elementor-widget-text-editor\" data-id=\"a468a57\" data-element_type=\"widget\" data-e-type=\"widget\" data-widget_type=\"text-editor.default\">\n\t\t\t\t\t\t\t\t\t<p>Los tratamiento relacionados con los servicios web de este sitio tienen lugar en el domicilio social y son conservados solo <span style=\"color: var( --e-global-color-text ); font-family: var( --e-global-typography-text-font-family ), Sans-serif; font-size: var( --e-global-typography-text-font-size ); font-weight: var( --e-global-typography-text-font-weight );\">por personal t\u00e9cnico del departamento encargado del tratamiento, o bien por posibles encargados de operaciones ocasionales de mantenimiento.<\/span> <span style=\"color: var( --e-global-color-text ); font-family: var( --e-global-typography-text-font-family ), Sans-serif; font-size: var( --e-global-typography-text-font-size ); font-weight: var( --e-global-typography-text-font-weight );\">Ning\u00fan dato que derive del servicio web se comunica o difunde. Los datos personales proporcionados por los usuarios que env\u00edan peticiones de env\u00edo de material informativo se utilizan solo para ejecutar el servicio o la prestaci\u00f3n solicitada.  <\/span><\/p>\t\t\t\t\t\t\t\t<\/div>\n\t\t\t\t<div class=\"elementor-element elementor-element-054f358 elementor-widget elementor-widget-heading\" data-id=\"054f358\" data-element_type=\"widget\" data-e-type=\"widget\" data-widget_type=\"heading.default\">\n\t\t\t\t\t<h5 class=\"elementor-heading-title elementor-size-default\">Tipos de datos tratados<\/h5>\t\t\t\t<\/div>\n\t\t\t\t<div class=\"elementor-element elementor-element-b3d6167 elementor-widget elementor-widget-text-editor\" data-id=\"b3d6167\" data-element_type=\"widget\" data-e-type=\"widget\" data-widget_type=\"text-editor.default\">\n\t\t\t\t\t\t\t\t\t<p>Datos de navegaci\u00f3n<\/p>\n<p>Los sistemas inform\u00e1ticos y los procedimientos dispuestos para el funcionamiento de este sitio web adquieren, durante su ejercicio normal, algunos datos personales cuya transmisi\u00f3n est\u00e1 impl\u00edcita en el uso de los protocolos de comunicaci\u00f3n de Internet. Se trata de informaci\u00f3n que no se ha recogido para ser asociada a interesados identificados, pero que por su misma naturaleza podr\u00edan permitir identificar a los usuarios a trav\u00e9s de elaboraciones y asociaciones con datos que conserven terceros. En esta categor\u00eda de datos entran las direcciones IP o los nombres de dominio de los ordenadores que utilizan los usuarios que se conectan al sitio, la direcciones en notaci\u00f3n URI (Uniform Resource Identifier) de los recursos solicitados, el horario de la petici\u00f3n, el m\u00e9todo utilizado al someter la petici\u00f3n al servidor, el tama\u00f1o del archivo obtenido como respuesta, el c\u00f3digo num\u00e9rico que indica el estado de la respuesta dada por el servidor (buen fin, error, etc.) y otros par\u00e1metros correspondientes al sistema operativo y al entorno inform\u00e1tico del usuario.<\/p>\n<p>Estos datos se utilizan solo con el fin de obtener informaci\u00f3n estad\u00edstica an\u00f3nima sobre el uso del sitio y para controlar su funcionamiento correcto y se suprimen inmediatamente tras la elaboraci\u00f3n. Los datos podr\u00edan ser utilizados para la comprobaci\u00f3n de responsabilidad en caso de supuestos delitos inform\u00e1ticos en contra del sitio: dejando aparte esta eventualidad; por el momento, datos sobre los contactos web no persisten m\u00e1s de siete d\u00edas.<\/p>\n<p>Datos facilitados voluntariamente por el usuario<\/p>\n<p>El env\u00edo facultativo, expl\u00edcito y voluntario de correo electr\u00f3nico a las direcciones indicadas en este sitio conlleva<\/p>\n<p>la adquisici\u00f3n sucesiva de la direcci\u00f3n del remitente, necesaria para responder a las peticiones, adem\u00e1s de los posibles otros datos personales introducidos en la misiva. Se har\u00e1 referencia o se visualizar\u00e1n visos legales espec\u00edficos de s\u00edntesis en las p\u00e1ginas del sitio previstas para servicios especiales a petici\u00f3n.<\/p>\t\t\t\t\t\t\t\t<\/div>\n\t\t\t\t<div class=\"elementor-element elementor-element-39ee048 elementor-widget elementor-widget-heading\" data-id=\"39ee048\" data-element_type=\"widget\" data-e-type=\"widget\" data-widget_type=\"heading.default\">\n\t\t\t\t\t<h5 class=\"elementor-heading-title elementor-size-default\">Uso de cookies<\/h5>\t\t\t\t<\/div>\n\t\t\t\t<div class=\"elementor-element elementor-element-a62004d elementor-widget elementor-widget-text-editor\" data-id=\"a62004d\" data-element_type=\"widget\" data-e-type=\"widget\" data-widget_type=\"text-editor.default\">\n\t\t\t\t\t\t\t\t\t<p>En relaci\u00f3n con las modalidades de uso de las cookies, se remite a otro \u00abaviso legal extendido\u00bb espec\u00edfico publicado en este sitio y elaborado en funci\u00f3n de lo previsto por la orden del 8 de mayo de 2014 de la autoridad italiana para la protecci\u00f3n de los datos personales (Garante), tal y como se modifica con la orden 231 del 10 de junio de 2021, que integra y completa este documento. <\/p>\t\t\t\t\t\t\t\t<\/div>\n\t\t\t\t<div class=\"elementor-element elementor-element-9cb27f8 elementor-widget elementor-widget-heading\" data-id=\"9cb27f8\" data-element_type=\"widget\" data-e-type=\"widget\" data-widget_type=\"heading.default\">\n\t\t\t\t\t<h5 class=\"elementor-heading-title elementor-size-default\">Car\u00e1cter facultativo de la concesi\u00f3n de los datos<\/h5>\t\t\t\t<\/div>\n\t\t\t\t<div class=\"elementor-element elementor-element-185e5aa elementor-widget elementor-widget-text-editor\" data-id=\"185e5aa\" data-element_type=\"widget\" data-e-type=\"widget\" data-widget_type=\"text-editor.default\">\n\t\t\t\t\t\t\t\t\t<p>A parte de lo especificado para los datos de navegaci\u00f3n, el usuario es libre o no de facilitar los datos personales. La falta de concesi\u00f3n puede conllevar la imposibilidad de obtener lo solicitado.<\/p>\t\t\t\t\t\t\t\t<\/div>\n\t\t\t\t<div class=\"elementor-element elementor-element-1039b07 elementor-widget elementor-widget-heading\" data-id=\"1039b07\" data-element_type=\"widget\" data-e-type=\"widget\" data-widget_type=\"heading.default\">\n\t\t\t\t\t<h5 class=\"elementor-heading-title elementor-size-default\">Modalidad del tratamiento<\/h5>\t\t\t\t<\/div>\n\t\t\t\t<div class=\"elementor-element elementor-element-86be557 elementor-widget elementor-widget-text-editor\" data-id=\"86be557\" data-element_type=\"widget\" data-e-type=\"widget\" data-widget_type=\"text-editor.default\">\n\t\t\t\t\t\t\t\t\t<p>Los datos personales se tratan con herramientas automatizadas durante el tiempo estrictamente necesario para conseguir los objetivos para los que se han recogido. Se cumplen medidas espec\u00edficas de seguridad para prevenir la p\u00e9rdida de los datos, usos il\u00edcitos o incorrectos y accesos no autorizados.<\/p>\t\t\t\t\t\t\t\t<\/div>\n\t\t\t\t<div class=\"elementor-element elementor-element-ba93a82 elementor-widget elementor-widget-heading\" data-id=\"ba93a82\" data-element_type=\"widget\" data-e-type=\"widget\" data-widget_type=\"heading.default\">\n\t\t\t\t\t<h5 class=\"elementor-heading-title elementor-size-default\">Trasferencia a pa\u00edses terceros<\/h5>\t\t\t\t<\/div>\n\t\t\t\t<div class=\"elementor-element elementor-element-122028a elementor-widget elementor-widget-text-editor\" data-id=\"122028a\" data-element_type=\"widget\" data-e-type=\"widget\" data-widget_type=\"text-editor.default\">\n\t\t\t\t\t\t\t\t\t<p>No se realizan trasferencias a pa\u00edses terceros<\/p>\t\t\t\t\t\t\t\t<\/div>\n\t\t\t\t<div class=\"elementor-element elementor-element-5029e82 elementor-widget elementor-widget-heading\" data-id=\"5029e82\" data-element_type=\"widget\" data-e-type=\"widget\" data-widget_type=\"heading.default\">\n\t\t\t\t\t<h5 class=\"elementor-heading-title elementor-size-default\">Derechos de los interesados<\/h5>\t\t\t\t<\/div>\n\t\t\t\t<div class=\"elementor-element elementor-element-aab3a7b elementor-widget elementor-widget-text-editor\" data-id=\"aab3a7b\" data-element_type=\"widget\" data-e-type=\"widget\" data-widget_type=\"text-editor.default\">\n\t\t\t\t\t\t\t\t\t<p>Los sujetos a los que se refieren los datos personales tienen el derecho de solicitar, en cualquier momento, el acceso a los datos y a su rectificaci\u00f3n, la supresi\u00f3n de los mismos, la limitaci\u00f3n del tratamiento, el derecho de oponerse a su tratamiento, adem\u00e1s del derecho a la portabilidad de los datos, tiene tambi\u00e9n el derecho de proponer reclamaci\u00f3n a la autoridad de control.<\/p>\n<p>Las solicitudes deber\u00e1n dirigirse al responsable del tratamiento.<\/p>\n<p>El responsable del tratamiento es Atlanta S.p.A., con domicilio en Via Europa n. 13 &#8211; 40010 Sala Bolognese (BO), n.\u00ba a efectos de IVA 02144141203, e-mail <a href=\"mailto:atlantapackaging@legalmail.it\">atlantapackaging@legalmail.it<\/a>.e-mail <a href=\"mailto:privacy@atlantapackaging.eu\">privacy@atlantapackaging.eu<\/a> <\/p>\n<p>Datos de contacto:<\/p>\n<p>&#8211; una carta certificada con acuse de recibo a Atlanta S.p.A. Via Europa n.\u00ba 13 &#8211; 40010 Sala Bolognese (BO); <\/p>\n<p>&#8211; un correo electr\u00f3nico a la direcci\u00f3n atlantapackaging@legalmail.it;<\/p>\n<p>&#8211; sitio internet corporativo <a href=\"https:\/\/www.atlantapackaging.eu\/es\/\">www.atlantapackaging.eu<\/a><\/p>\n<p> <\/p>\n<p>La presente constituye la \u00abpol\u00edtica de privacidad\u00bb de este sitio que estar\u00e1 sujeta a actualizaciones.<\/p>\t\t\t\t\t\t\t\t<\/div>\n\t\t\t\t\t<\/div>\n\t\t<\/div>\n\t\t\t\t\t<\/div>\n\t\t<\/section>\n\t\t\t\t<\/div>\n\t\t","protected":false},"excerpt":{"rendered":"<p>Italiano English Espa\u00f1ol En esta p\u00e1gina se describen las modalidades de administraci\u00f3n del sitio en relaci\u00f3n con el tratamiento de los datos personales de los usuarios que lo consultan. Se trata del aviso legal dado con arreglo al art. 13 del Reglamento Europeo 2016\/679 a aquellos que interact\u00faan con los servicios web de la empresa. [&hellip;]<\/p>\n","protected":false},"author":1,"featured_media":0,"parent":0,"menu_order":0,"comment_status":"closed","ping_status":"open","template":"elementor_header_footer","meta":{"footnotes":""},"class_list":["post-8026","page","type-page","status-publish","hentry"],"_links":{"self":[{"href":"https:\/\/www.atlantapackaging.eu\/es\/wp-json\/wp\/v2\/pages\/8026","targetHints":{"allow":["GET"]}}],"collection":[{"href":"https:\/\/www.atlantapackaging.eu\/es\/wp-json\/wp\/v2\/pages"}],"about":[{"href":"https:\/\/www.atlantapackaging.eu\/es\/wp-json\/wp\/v2\/types\/page"}],"author":[{"embeddable":true,"href":"https:\/\/www.atlantapackaging.eu\/es\/wp-json\/wp\/v2\/users\/1"}],"replies":[{"embeddable":true,"href":"https:\/\/www.atlantapackaging.eu\/es\/wp-json\/wp\/v2\/comments?post=8026"}],"version-history":[{"count":0,"href":"https:\/\/www.atlantapackaging.eu\/es\/wp-json\/wp\/v2\/pages\/8026\/revisions"}],"wp:attachment":[{"href":"https:\/\/www.atlantapackaging.eu\/es\/wp-json\/wp\/v2\/media?parent=8026"}],"curies":[{"name":"wp","href":"https:\/\/api.w.org\/{rel}","templated":true}]}}