{"id":7630,"date":"2022-08-02T10:52:40","date_gmt":"2022-08-02T08:52:40","guid":{"rendered":"https:\/\/www.atlantapackaging.eu\/noticias\/"},"modified":"2022-08-26T11:58:13","modified_gmt":"2022-08-26T09:58:13","slug":"noticias","status":"publish","type":"page","link":"https:\/\/www.atlantapackaging.eu\/es\/noticias\/","title":{"rendered":"Noticias"},"content":{"rendered":"\t\t<div data-elementor-type=\"wp-page\" data-elementor-id=\"7630\" class=\"elementor elementor-7630 elementor-6293\" data-elementor-post-type=\"page\">\n\t\t\t\t\t\t<section class=\"elementor-section elementor-top-section elementor-element elementor-element-b29363d elementor-section-height-min-height elementor-section-items-top elementor-section-boxed elementor-section-height-default\" data-id=\"b29363d\" data-element_type=\"section\" data-e-type=\"section\">\n\t\t\t\t\t\t<div class=\"elementor-container elementor-column-gap-default\">\n\t\t\t\t\t<div class=\"elementor-column elementor-col-100 elementor-top-column elementor-element elementor-element-1d19854\" data-id=\"1d19854\" data-element_type=\"column\" data-e-type=\"column\">\n\t\t\t<div class=\"elementor-widget-wrap elementor-element-populated\">\n\t\t\t\t\t\t<div class=\"elementor-element elementor-element-e7ce994 premium-blog-align-left elementor-widget elementor-widget-premium-addon-blog\" data-id=\"e7ce994\" data-element_type=\"widget\" data-e-type=\"widget\" data-settings=\"{&quot;premium_blog_grid&quot;:&quot;yes&quot;,&quot;premium_blog_layout&quot;:&quot;even&quot;,&quot;premium_blog_columns_number&quot;:&quot;50%&quot;,&quot;premium_blog_columns_number_tablet&quot;:&quot;50%&quot;,&quot;premium_blog_columns_number_mobile&quot;:&quot;100%&quot;,&quot;filter_flag&quot;:&quot;cat&quot;}\" data-widget_type=\"premium-addon-blog.default\">\n\t\t\t\t\t\r\n\t\t\t\t\t\t\t<div class=\"premium-blog-filter\">\r\n\t\t\t<ul class=\"premium-blog-filters-container\">\r\n\t\t\t\t\t\t\t\t\t<li>\r\n\t\t\t\t\t\t<a href=\"javascript:;\" class=\"category active\" data-filter=\"*\">\r\n\t\t\t\t\t\t\tAll\t\t\t\t\t\t<\/a>\r\n\t\t\t\t\t<\/li>\r\n\t\t\t\t\t\t\t\t\t\t\t\t\t\t<li>\r\n\t\t\t\t\t\t\t<a href=\"javascript:;\" class=\"category\" data-filter=\"estudio-de-caso\">\r\n\t\t\t\t\t\t\t\tEstudio de caso\t\t\t\t\t\t\t<\/a>\r\n\t\t\t\t\t\t<\/li>\r\n\t\t\t\t\t\t\t\t\t\t<li>\r\n\t\t\t\t\t\t\t<a href=\"javascript:;\" class=\"category\" data-filter=\"noticias\">\r\n\t\t\t\t\t\t\t\tNoticias\t\t\t\t\t\t\t<\/a>\r\n\t\t\t\t\t\t<\/li>\r\n\t\t\t\t\t\t\t\t\t\t<li>\r\n\t\t\t\t\t\t\t<a href=\"javascript:;\" class=\"category\" data-filter=\"sin-categorizar\">\r\n\t\t\t\t\t\t\t\tSin categorizar\t\t\t\t\t\t\t<\/a>\r\n\t\t\t\t\t\t<\/li>\r\n\t\t\t\t\t\t\t<\/ul>\r\n\t\t<\/div>\r\n\t\t\t\t\r\n\r\n\t\t\t\t<div class=\"premium-blog-wrap  premium-blog-even\" data-page=\"7630\" data-pagination=\"true\">\r\n\t\t\t\t\t\t\t\t\t<div class=\"premium-blog-post-outer-container noticias\" data-total=\"4\">\r\n\t\t\t<div class=\"premium-blog-post-container premium-blog-skin-cards\">\r\n\t\t\t\t\t\t\t\t\t<div class=\"premium-blog-thumb-effect-wrapper\">\r\n\t\t\t\t\t\t<div class=\"premium-blog-thumbnail-container premium-blog-zoomin-effect\">\r\n\t\t\t\t\t\t\t\t\t\t\t<a href=\"https:\/\/www.atlantapackaging.eu\/es\/atlanta-estara-en-expo-pack-guadalajara-2025\/\" target=\"_self\">\r\n\t\t\t\t<img fetchpriority=\"high\" decoding=\"async\" width=\"750\" height=\"650\" src=\"https:\/\/www.atlantapackaging.eu\/wp-content\/uploads\/2025\/05\/Banner-News-e-Linkedin_ExpoPack-2025-ES.jpg\" class=\"attachment-full size-full wp-image-11239\" alt=\"\" title=\"\">\t\t\t\t<\/a>\r\n\t\t\t\t\t\t\t\t\t\t<\/div>\r\n\t\t\t\t\t\t\t\t\t\t\t\t\t<div class=\"premium-blog-effect-container premium-blog-framed-effect\">\r\n\t\t\t\t\t\t\t\t<a class=\"premium-blog-post-link\" href=\"https:\/\/www.atlantapackaging.eu\/es\/atlanta-estara-en-expo-pack-guadalajara-2025\/\" target=\"_self\"><span>\u00a1Atlanta estar\u00e1 en EXPO PACK Guadalajara 2025!<\/span><\/a>\r\n\t\t\t\t\t\t\t\t\t\t\t\t\t\t\t<\/div>\r\n\t\t\t\t\t\t\t\t\t\t\t<\/div>\r\n\t\t\t\t\t\t\t\t\t\t\t\t\t\t\t\t\t\t\t\t\t<div class=\"premium-blog-content-wrapper \">\r\n\r\n\t\t\t\t\t<div class=\"premium-blog-inner-container\">\r\n\r\n\t\t\t\t\t\t\t\t\t\t\t\t\t\t<h2 class=\"premium-blog-entry-title\">\r\n\t\t\t<a href=\"https:\/\/www.atlantapackaging.eu\/es\/atlanta-estara-en-expo-pack-guadalajara-2025\/\" target=\"_self\">\r\n\t\t\t\t\u00a1Atlanta estar\u00e1 en EXPO PACK Guadalajara 2025!\t\t\t<\/a>\r\n\t\t<\/h2>\r\n\t\t\r\n\t\t\t\t\t<\/div>\r\n\r\n\t\t\t\t\t\t\t<div class=\"premium-blog-content-inner-wrapper\">\r\n\t\t<p class=\"premium-blog-post-content\">Del 10 al 12 de junio de 2025, acomp\u00e1\u00f1anos en EXPO PACK Guadalajara, el evento m\u00e1s importante del a\u00f1o en \u2026<\/p>\t\t<\/div>\r\n\t\t\t\t<div class=\"premium-blog-entry-meta\">\r\n\t\t\t\r\n\t\t\t\r\n\t\t\t\r\n\t\t\t\t\t<\/div>\r\n\t\t\t\t\t\t\t\r\n\t\t\t\t<\/div>\r\n\t\t\t<\/div>\r\n\t\t<\/div>\r\n\r\n\t\t\t\t<div class=\"premium-blog-post-outer-container noticias\" data-total=\"4\">\r\n\t\t\t<div class=\"premium-blog-post-container premium-blog-skin-cards\">\r\n\t\t\t\t\t\t\t\t\t<div class=\"premium-blog-thumb-effect-wrapper\">\r\n\t\t\t\t\t\t<div class=\"premium-blog-thumbnail-container premium-blog-zoomin-effect\">\r\n\t\t\t\t\t\t\t\t\t\t\t<a href=\"https:\/\/www.atlantapackaging.eu\/es\/zoomark-bolognafiere-5-7-de-mayo-de-2025\/\" target=\"_self\">\r\n\t\t\t\t<img decoding=\"async\" width=\"750\" height=\"650\" src=\"https:\/\/www.atlantapackaging.eu\/wp-content\/uploads\/2025\/04\/News-Zoomark_BolognaFiere-2025-ES.jpg\" class=\"attachment-full size-full wp-image-11155\" alt=\"\" title=\"\">\t\t\t\t<\/a>\r\n\t\t\t\t\t\t\t\t\t\t<\/div>\r\n\t\t\t\t\t\t\t\t\t\t\t\t\t<div class=\"premium-blog-effect-container premium-blog-framed-effect\">\r\n\t\t\t\t\t\t\t\t<a class=\"premium-blog-post-link\" href=\"https:\/\/www.atlantapackaging.eu\/es\/zoomark-bolognafiere-5-7-de-mayo-de-2025\/\" target=\"_self\"><span>ZOOMARK, BOLOGNAFIERE, 5\u20137 de mayo de 2025<\/span><\/a>\r\n\t\t\t\t\t\t\t\t\t\t\t\t\t\t\t<\/div>\r\n\t\t\t\t\t\t\t\t\t\t\t<\/div>\r\n\t\t\t\t\t\t\t\t\t\t\t\t\t\t\t\t\t\t\t\t\t<div class=\"premium-blog-content-wrapper \">\r\n\r\n\t\t\t\t\t<div class=\"premium-blog-inner-container\">\r\n\r\n\t\t\t\t\t\t\t\t\t\t\t\t\t\t<h2 class=\"premium-blog-entry-title\">\r\n\t\t\t<a href=\"https:\/\/www.atlantapackaging.eu\/es\/zoomark-bolognafiere-5-7-de-mayo-de-2025\/\" target=\"_self\">\r\n\t\t\t\tZOOMARK, BOLOGNAFIERE, 5\u20137 de mayo de 2025\t\t\t<\/a>\r\n\t\t<\/h2>\r\n\t\t\r\n\t\t\t\t\t<\/div>\r\n\r\n\t\t\t\t\t\t\t<div class=\"premium-blog-content-inner-wrapper\">\r\n\t\t<p class=\"premium-blog-post-content\">\u00a1Vengan a descubrir nuestras innovadoras soluciones para el envasado autom\u00e1tico de productos para animales de compa\u00f1\u00eda en Zoomark! Los esperamos \u2026<\/p>\t\t<\/div>\r\n\t\t\t\t<div class=\"premium-blog-entry-meta\">\r\n\t\t\t\r\n\t\t\t\r\n\t\t\t\r\n\t\t\t\t\t<\/div>\r\n\t\t\t\t\t\t\t\r\n\t\t\t\t<\/div>\r\n\t\t\t<\/div>\r\n\t\t<\/div>\r\n\r\n\t\t\t\t<div class=\"premium-blog-post-outer-container noticias sin-categorizar\" data-total=\"4\">\r\n\t\t\t<div class=\"premium-blog-post-container premium-blog-skin-cards\">\r\n\t\t\t\t\t\t\t\t\t<div class=\"premium-blog-thumb-effect-wrapper\">\r\n\t\t\t\t\t\t<div class=\"premium-blog-thumbnail-container premium-blog-zoomin-effect\">\r\n\t\t\t\t\t\t\t\t\t\t\t<a href=\"https:\/\/www.atlantapackaging.eu\/es\/propak-philippines-del-12-al-14-de-febrero-de-2025\/\" target=\"_self\">\r\n\t\t\t\t<img decoding=\"async\" width=\"750\" height=\"650\" src=\"https:\/\/www.atlantapackaging.eu\/wp-content\/uploads\/2025\/02\/Banner_News_Propack_Philippines_2025_ES.jpg\" class=\"attachment-full size-full wp-image-10932\" alt=\"\" title=\"\" srcset=\"https:\/\/www.atlantapackaging.eu\/wp-content\/uploads\/2025\/02\/Banner_News_Propack_Philippines_2025_ES.jpg 750w, https:\/\/www.atlantapackaging.eu\/wp-content\/uploads\/2025\/02\/Banner_News_Propack_Philippines_2025_ES-300x260.jpg 300w\" sizes=\"(max-width: 750px) 100vw, 750px\" \/>\t\t\t\t<\/a>\r\n\t\t\t\t\t\t\t\t\t\t<\/div>\r\n\t\t\t\t\t\t\t\t\t\t\t\t\t<div class=\"premium-blog-effect-container premium-blog-framed-effect\">\r\n\t\t\t\t\t\t\t\t<a class=\"premium-blog-post-link\" href=\"https:\/\/www.atlantapackaging.eu\/es\/propak-philippines-del-12-al-14-de-febrero-de-2025\/\" target=\"_self\"><span>PROPAK PHILIPPINES, del 12 al 14 de febrero de 2025<\/span><\/a>\r\n\t\t\t\t\t\t\t\t\t\t\t\t\t\t\t<\/div>\r\n\t\t\t\t\t\t\t\t\t\t\t<\/div>\r\n\t\t\t\t\t\t\t\t\t\t\t\t\t\t\t\t\t\t\t\t\t<div class=\"premium-blog-content-wrapper \">\r\n\r\n\t\t\t\t\t<div class=\"premium-blog-inner-container\">\r\n\r\n\t\t\t\t\t\t\t\t\t\t\t\t\t\t<h2 class=\"premium-blog-entry-title\">\r\n\t\t\t<a href=\"https:\/\/www.atlantapackaging.eu\/es\/propak-philippines-del-12-al-14-de-febrero-de-2025\/\" target=\"_self\">\r\n\t\t\t\tPROPAK PHILIPPINES, del 12 al 14 de febrero de 2025\t\t\t<\/a>\r\n\t\t<\/h2>\r\n\t\t\r\n\t\t\t\t\t<\/div>\r\n\r\n\t\t\t\t\t\t\t<div class=\"premium-blog-content-inner-wrapper\">\r\n\t\t<p class=\"premium-blog-post-content\">The International Processing and Packaging Trade Event for the Philippines Nos complace anunciar nuestra participaci\u00f3n en ProPak Philippines 2025, un \u2026<\/p>\t\t<\/div>\r\n\t\t\t\t<div class=\"premium-blog-entry-meta\">\r\n\t\t\t\r\n\t\t\t\r\n\t\t\t\r\n\t\t\t\t\t<\/div>\r\n\t\t\t\t\t\t\t\r\n\t\t\t\t<\/div>\r\n\t\t\t<\/div>\r\n\t\t<\/div>\r\n\r\n\t\t\t\t<div class=\"premium-blog-post-outer-container noticias\" data-total=\"4\">\r\n\t\t\t<div class=\"premium-blog-post-container premium-blog-skin-cards\">\r\n\t\t\t\t\t\t\t\t\t<div class=\"premium-blog-thumb-effect-wrapper\">\r\n\t\t\t\t\t\t<div class=\"premium-blog-thumbnail-container premium-blog-zoomin-effect\">\r\n\t\t\t\t\t\t\t\t\t\t\t<a href=\"https:\/\/www.atlantapackaging.eu\/es\/atlanta-en-propak-asia-12-15-de-junio-de-2024\/\" target=\"_self\">\r\n\t\t\t\t<img loading=\"lazy\" decoding=\"async\" width=\"750\" height=\"650\" src=\"https:\/\/www.atlantapackaging.eu\/wp-content\/uploads\/2024\/06\/Banner-News3.jpg\" class=\"attachment-full size-full wp-image-10201\" alt=\"\" title=\"\" srcset=\"https:\/\/www.atlantapackaging.eu\/wp-content\/uploads\/2024\/06\/Banner-News3.jpg 750w, https:\/\/www.atlantapackaging.eu\/wp-content\/uploads\/2024\/06\/Banner-News3-300x260.jpg 300w\" sizes=\"(max-width: 750px) 100vw, 750px\" \/>\t\t\t\t<\/a>\r\n\t\t\t\t\t\t\t\t\t\t<\/div>\r\n\t\t\t\t\t\t\t\t\t\t\t\t\t<div class=\"premium-blog-effect-container premium-blog-framed-effect\">\r\n\t\t\t\t\t\t\t\t<a class=\"premium-blog-post-link\" href=\"https:\/\/www.atlantapackaging.eu\/es\/atlanta-en-propak-asia-12-15-de-junio-de-2024\/\" target=\"_self\"><span>Atlanta en PROPAK ASIA 12 &#8211; 15 DE JUNIO DE 2024<\/span><\/a>\r\n\t\t\t\t\t\t\t\t\t\t\t\t\t\t\t<\/div>\r\n\t\t\t\t\t\t\t\t\t\t\t<\/div>\r\n\t\t\t\t\t\t\t\t\t\t\t\t\t\t\t\t\t\t\t\t\t<div class=\"premium-blog-content-wrapper \">\r\n\r\n\t\t\t\t\t<div class=\"premium-blog-inner-container\">\r\n\r\n\t\t\t\t\t\t\t\t\t\t\t\t\t\t<h2 class=\"premium-blog-entry-title\">\r\n\t\t\t<a href=\"https:\/\/www.atlantapackaging.eu\/es\/atlanta-en-propak-asia-12-15-de-junio-de-2024\/\" target=\"_self\">\r\n\t\t\t\tAtlanta en PROPAK ASIA 12 &#8211; 15 DE JUNIO DE 2024\t\t\t<\/a>\r\n\t\t<\/h2>\r\n\t\t\r\n\t\t\t\t\t<\/div>\r\n\r\n\t\t\t\t\t\t\t<div class=\"premium-blog-content-inner-wrapper\">\r\n\t\t<p class=\"premium-blog-post-content\"><strong>Del 12 al 15 de junio,<\/strong> los esperamos en PROPAK ASIA en el PABELL\u00d3N 101 <strong>STAND AF06<\/strong> para presentarles nuestras soluciones innovadoras de embalaje y discutir c\u00f3mo Atlanta puede ayudar a hacer crecer su negocio.<\/p>\t\t<\/div>\r\n\t\t\t\t<div class=\"premium-blog-entry-meta\">\r\n\t\t\t\r\n\t\t\t\r\n\t\t\t\r\n\t\t\t\t\t<\/div>\r\n\t\t\t\t\t\t\t\r\n\t\t\t\t<\/div>\r\n\t\t\t<\/div>\r\n\t\t<\/div>\r\n\r\n\t\t\t\t\t\t\t<\/div>\r\n\r\n\t\t\t\t\t<div class=\"premium-blog-footer\">\r\n\t\t\t\t\t\t\t<nav class=\"premium-blog-pagination-container\" role=\"navigation\" aria-label=\"Paginaci\u00f3n\">\r\n\t\t\t\t<span aria-current=\"page\" class=\"page-numbers current\">1<\/span>\r\n<a class=\"page-numbers\" href=\"https:\/\/www.atlantapackaging.eu\/es\/wp-json\/wp\/v2\/pages\/7630\/page\/2\/\">2<\/a>\r\n<a class=\"page-numbers\" href=\"https:\/\/www.atlantapackaging.eu\/es\/wp-json\/wp\/v2\/pages\/7630\/page\/3\/\">3<\/a>\r\n<a class=\"page-numbers\" href=\"https:\/\/www.atlantapackaging.eu\/es\/wp-json\/wp\/v2\/pages\/7630\/page\/4\/\">4<\/a>\r\n<a class=\"next page-numbers\" href=\"https:\/\/www.atlantapackaging.eu\/es\/wp-json\/wp\/v2\/pages\/7630\/page\/2\/\">Siguiente \u00bb<\/a>\t\t\t<\/nav>\r\n\t\t\t\t\t\t<\/div>\r\n\t\t\r\n\t\t\r\n\t\t\t\t\t\t<\/div>\n\t\t\t\t\t<\/div>\n\t\t<\/div>\n\t\t\t\t\t<\/div>\n\t\t<\/section>\n\t\t\t\t<\/div>\n\t\t","protected":false},"excerpt":{"rendered":"<p>All Case history News Atlanta a CibusTec 2019 Volete vedere le nostre macchine per il packaging in funzione? Dal 22 \u00a0al \u00a025 ottobre\u00a0vi aspettiamo a\u00a0Cibustec 2019 nel\u00a0padiglione 3 stand A 038\u00a0dove potete vedere dal vero quanto sono precise e \u00a0facili da usare le macchine per il packaging Atlanta.\u00a0 Packaging di qualit\u00e0 anche con astucci stretti [&hellip;]<\/p>\n","protected":false},"author":1,"featured_media":0,"parent":0,"menu_order":0,"comment_status":"closed","ping_status":"closed","template":"elementor_header_footer","meta":{"footnotes":""},"class_list":["post-7630","page","type-page","status-publish","hentry"],"_links":{"self":[{"href":"https:\/\/www.atlantapackaging.eu\/es\/wp-json\/wp\/v2\/pages\/7630","targetHints":{"allow":["GET"]}}],"collection":[{"href":"https:\/\/www.atlantapackaging.eu\/es\/wp-json\/wp\/v2\/pages"}],"about":[{"href":"https:\/\/www.atlantapackaging.eu\/es\/wp-json\/wp\/v2\/types\/page"}],"author":[{"embeddable":true,"href":"https:\/\/www.atlantapackaging.eu\/es\/wp-json\/wp\/v2\/users\/1"}],"replies":[{"embeddable":true,"href":"https:\/\/www.atlantapackaging.eu\/es\/wp-json\/wp\/v2\/comments?post=7630"}],"version-history":[{"count":0,"href":"https:\/\/www.atlantapackaging.eu\/es\/wp-json\/wp\/v2\/pages\/7630\/revisions"}],"wp:attachment":[{"href":"https:\/\/www.atlantapackaging.eu\/es\/wp-json\/wp\/v2\/media?parent=7630"}],"curies":[{"name":"wp","href":"https:\/\/api.w.org\/{rel}","templated":true}]}}