{"id":7622,"date":"2022-07-27T12:29:49","date_gmt":"2022-07-27T10:29:49","guid":{"rendered":"https:\/\/www.atlantapackaging.eu\/sistemas-combinados-wrap-around-y-film\/"},"modified":"2024-06-04T10:13:03","modified_gmt":"2024-06-04T08:13:03","slug":"sistemas-combinados-wrap-around-y-film","status":"publish","type":"page","link":"https:\/\/www.atlantapackaging.eu\/es\/sistemas-combinados-wrap-around-y-film\/","title":{"rendered":"Sistemas combinados wrap-around y film"},"content":{"rendered":"\t\t<div data-elementor-type=\"wp-page\" data-elementor-id=\"7622\" class=\"elementor elementor-7622 elementor-5970\" data-elementor-post-type=\"page\">\n\t\t\t\t\t\t<section class=\"elementor-section elementor-top-section elementor-element elementor-element-18227e61 elementor-section-height-min-height elementor-section-items-bottom elementor-section-boxed elementor-section-height-default\" data-id=\"18227e61\" data-element_type=\"section\" data-e-type=\"section\" data-settings=\"{&quot;background_background&quot;:&quot;classic&quot;}\">\n\t\t\t\t\t\t\t<div class=\"elementor-background-overlay\"><\/div>\n\t\t\t\t\t\t\t<div class=\"elementor-container elementor-column-gap-default\">\n\t\t\t\t\t<div class=\"elementor-column elementor-col-100 elementor-top-column elementor-element elementor-element-6ce11b16\" data-id=\"6ce11b16\" data-element_type=\"column\" data-e-type=\"column\">\n\t\t\t<div class=\"elementor-widget-wrap elementor-element-populated\">\n\t\t\t\t\t\t<div class=\"elementor-element elementor-element-35810569 elementor-widget__width-initial elementor-widget elementor-widget-heading\" data-id=\"35810569\" data-element_type=\"widget\" data-e-type=\"widget\" data-widget_type=\"heading.default\">\n\t\t\t\t\t<h2 class=\"elementor-heading-title elementor-size-default\">Envolvedora all-in-one<br>encartonadoras wrap around con film termorretr\u00e1ctil<\/h2>\t\t\t\t<\/div>\n\t\t\t\t\t<\/div>\n\t\t<\/div>\n\t\t\t\t\t<\/div>\n\t\t<\/section>\n\t\t\t\t<section class=\"elementor-section elementor-top-section elementor-element elementor-element-1722b066 elementor-section-boxed elementor-section-height-default elementor-section-height-default\" data-id=\"1722b066\" data-element_type=\"section\" data-e-type=\"section\" data-settings=\"{&quot;background_background&quot;:&quot;classic&quot;}\">\n\t\t\t\t\t\t<div class=\"elementor-container elementor-column-gap-default\">\n\t\t\t\t\t<div class=\"elementor-column elementor-col-50 elementor-top-column elementor-element elementor-element-2eea08ba\" data-id=\"2eea08ba\" data-element_type=\"column\" data-e-type=\"column\">\n\t\t\t<div class=\"elementor-widget-wrap elementor-element-populated\">\n\t\t\t\t\t\t<div class=\"elementor-element elementor-element-88c9d18 elementor-widget elementor-widget-heading\" data-id=\"88c9d18\" data-element_type=\"widget\" data-e-type=\"widget\" data-widget_type=\"heading.default\">\n\t\t\t\t\t<h1 class=\"elementor-heading-title elementor-size-default\">Sistemas combinados wrap-around y film<\/h1>\t\t\t\t<\/div>\n\t\t\t\t\t<\/div>\n\t\t<\/div>\n\t\t\t\t<div class=\"elementor-column elementor-col-50 elementor-top-column elementor-element elementor-element-5df294c4\" data-id=\"5df294c4\" data-element_type=\"column\" data-e-type=\"column\">\n\t\t\t<div class=\"elementor-widget-wrap elementor-element-populated\">\n\t\t\t\t\t\t<div class=\"elementor-element elementor-element-3878543 elementor-widget elementor-widget-text-editor\" data-id=\"3878543\" data-element_type=\"widget\" data-e-type=\"widget\" data-widget_type=\"text-editor.default\">\n\t\t\t\t\t\t\t\t\t<p>Las m\u00e1quinas autom\u00e1ticas Combi son la soluci\u00f3n all-in-one para quien quiere envolver los productos tanto con tecnolog\u00eda wrap-around como con film termorretr\u00e1ctil en una \u00fanica l\u00ednea de producci\u00f3n<\/p>\t\t\t\t\t\t\t\t<\/div>\n\t\t\t\t\t<\/div>\n\t\t<\/div>\n\t\t\t\t\t<\/div>\n\t\t<\/section>\n\t\t\t\t<section class=\"elementor-section elementor-top-section elementor-element elementor-element-58185d90 elementor-section-boxed elementor-section-height-default elementor-section-height-default\" data-id=\"58185d90\" data-element_type=\"section\" data-e-type=\"section\" data-settings=\"{&quot;background_background&quot;:&quot;classic&quot;}\">\n\t\t\t\t\t\t<div class=\"elementor-container elementor-column-gap-default\">\n\t\t\t\t\t<div class=\"elementor-column elementor-col-100 elementor-top-column elementor-element elementor-element-12bc751f\" data-id=\"12bc751f\" data-element_type=\"column\" data-e-type=\"column\">\n\t\t\t<div class=\"elementor-widget-wrap elementor-element-populated\">\n\t\t\t\t\t\t<div class=\"elementor-element elementor-element-1ba51bd8 elementor-widget elementor-widget-heading\" data-id=\"1ba51bd8\" data-element_type=\"widget\" data-e-type=\"widget\" data-widget_type=\"heading.default\">\n\t\t\t\t\t<h3 class=\"elementor-heading-title elementor-size-default\">Serie Combi<\/h3>\t\t\t\t<\/div>\n\t\t\t\t<div class=\"elementor-element elementor-element-6600943 elementor-widget elementor-widget-heading\" data-id=\"6600943\" data-element_type=\"widget\" data-e-type=\"widget\" data-widget_type=\"heading.default\">\n\t\t\t\t\t<h4 class=\"elementor-heading-title elementor-size-default\">Encartonadora con film y wrap-around en una \u00fanica m\u00e1quina autom\u00e1tica <br><span style=\"color: #E30713\">hasta 50 paquetes\/minuto<\/span><\/h4>\t\t\t\t<\/div>\n\t\t\t\t<div class=\"elementor-element elementor-element-78f93bf elementor-widget elementor-widget-text-editor\" data-id=\"78f93bf\" data-element_type=\"widget\" data-e-type=\"widget\" data-widget_type=\"text-editor.default\">\n\t\t\t\t\t\t\t\t\t<p>12 modelos estudiados para el sector de las bebidas, de la alimentaci\u00f3n, de la qu\u00edmica y de la higiene personal.<\/p>\t\t\t\t\t\t\t\t<\/div>\n\t\t\t\t<section class=\"elementor-section elementor-inner-section elementor-element elementor-element-6899b830 elementor-section-boxed elementor-section-height-default elementor-section-height-default\" data-id=\"6899b830\" data-element_type=\"section\" data-e-type=\"section\">\n\t\t\t\t\t\t<div class=\"elementor-container elementor-column-gap-wider\">\n\t\t\t\t\t<div class=\"elementor-column elementor-col-33 elementor-inner-column elementor-element elementor-element-2d284be1\" data-id=\"2d284be1\" data-element_type=\"column\" data-e-type=\"column\">\n\t\t\t<div class=\"elementor-widget-wrap elementor-element-populated\">\n\t\t\t\t\t\t<div class=\"elementor-element elementor-element-7594599e elementor-widget elementor-widget-text-editor\" data-id=\"7594599e\" data-element_type=\"widget\" data-e-type=\"widget\" data-widget_type=\"text-editor.default\">\n\t\t\t\t\t\t\t\t\t<p><b>Combi <\/b>(25 ppm)<br><b>Combi R BS<\/b> (15 ppm)<br><b>Combi R M BS<\/b> (15 ppm)<br><b>Combi R P&amp;P BS<\/b> (15 ppm)<br><b>Combi R M A<\/b> (15 ppm)<br><b>Combi R P&amp;P A<\/b> (15 ppm)<br><b>Combi 90M<\/b> (25 ppm)<br><b>Combi 90 Medium<\/b> (35 ppm)<br><b>Combi S<\/b> (40 ppm)<br><b>Combi L Cont SHC<\/b> (50 ppm)<\/p>\t\t\t\t\t\t\t\t<\/div>\n\t\t\t\t\t<\/div>\n\t\t<\/div>\n\t\t\t\t<div class=\"elementor-column elementor-col-33 elementor-inner-column elementor-element elementor-element-5ce7a673\" data-id=\"5ce7a673\" data-element_type=\"column\" data-e-type=\"column\">\n\t\t\t<div class=\"elementor-widget-wrap elementor-element-populated\">\n\t\t\t\t\t\t<div class=\"elementor-element elementor-element-7af9f8b9 elementor-widget elementor-widget-image\" data-id=\"7af9f8b9\" data-element_type=\"widget\" data-e-type=\"widget\" data-widget_type=\"image.default\">\n\t\t\t\t\t\t\t\t\t\t\t\t\t\t\t<img fetchpriority=\"high\" decoding=\"async\" width=\"600\" height=\"161\" src=\"https:\/\/www.atlantapackaging.eu\/wp-content\/uploads\/2022\/07\/Combi.jpeg\" class=\"attachment-medium_large size-medium_large wp-image-7215\" alt=\"ENFARDADORAS AUTOM\u00c1TICAS PARA LA M\u00c1XIMA PRODUCTIVIDAD SERIE COMBI\" srcset=\"https:\/\/www.atlantapackaging.eu\/wp-content\/uploads\/2022\/07\/Combi.jpeg 600w, https:\/\/www.atlantapackaging.eu\/wp-content\/uploads\/2022\/07\/Combi-300x81.jpeg 300w\" sizes=\"(max-width: 600px) 100vw, 600px\" title=\"\">\t\t\t\t\t\t\t\t\t\t\t\t\t\t\t<\/div>\n\t\t\t\t<div class=\"elementor-element elementor-element-58daa5ad elementor-widget elementor-widget-text-editor\" data-id=\"58daa5ad\" data-element_type=\"widget\" data-e-type=\"widget\" data-widget_type=\"text-editor.default\">\n\t\t\t\t\t\t\t\t\t<p><b>Combi R + A<\/b> (25 ppm)<\/p>\t\t\t\t\t\t\t\t<\/div>\n\t\t\t\t\t<\/div>\n\t\t<\/div>\n\t\t\t\t<div class=\"elementor-column elementor-col-33 elementor-inner-column elementor-element elementor-element-285726b4\" data-id=\"285726b4\" data-element_type=\"column\" data-e-type=\"column\">\n\t\t\t<div class=\"elementor-widget-wrap elementor-element-populated\">\n\t\t\t\t\t\t<div class=\"elementor-element elementor-element-2bf2326c elementor-widget elementor-widget-image\" data-id=\"2bf2326c\" data-element_type=\"widget\" data-e-type=\"widget\" data-widget_type=\"image.default\">\n\t\t\t\t\t\t\t\t\t\t\t\t\t\t\t<img decoding=\"async\" width=\"600\" height=\"161\" src=\"https:\/\/www.atlantapackaging.eu\/wp-content\/uploads\/2022\/07\/CombiSHC-customized.jpeg\" class=\"attachment-medium_large size-medium_large wp-image-7218\" alt=\"ENFARDADORAS AUTOM\u00c1TICAS PARA LA M\u00c1XIMA PRODUCTIVIDAD SERIE COMBI\" srcset=\"https:\/\/www.atlantapackaging.eu\/wp-content\/uploads\/2022\/07\/CombiSHC-customized.jpeg 600w, https:\/\/www.atlantapackaging.eu\/wp-content\/uploads\/2022\/07\/CombiSHC-customized-300x81.jpeg 300w\" sizes=\"(max-width: 600px) 100vw, 600px\" title=\"\">\t\t\t\t\t\t\t\t\t\t\t\t\t\t\t<\/div>\n\t\t\t\t<div class=\"elementor-element elementor-element-998bac1 elementor-widget elementor-widget-text-editor\" data-id=\"998bac1\" data-element_type=\"widget\" data-e-type=\"widget\" data-widget_type=\"text-editor.default\">\n\t\t\t\t\t\t\t\t\t<p><b>Combi SHC customized<\/b> (45 ppm)<\/p>\t\t\t\t\t\t\t\t<\/div>\n\t\t\t\t\t<\/div>\n\t\t<\/div>\n\t\t\t\t\t<\/div>\n\t\t<\/section>\n\t\t\t\t<div class=\"elementor-element elementor-element-5dae938b elementor-widget elementor-widget-spacer\" data-id=\"5dae938b\" data-element_type=\"widget\" data-e-type=\"widget\" data-widget_type=\"spacer.default\">\n\t\t\t\t\t\t\t<div class=\"elementor-spacer\">\n\t\t\t<div class=\"elementor-spacer-inner\"><\/div>\n\t\t<\/div>\n\t\t\t\t\t\t<\/div>\n\t\t\t\t<div class=\"elementor-element elementor-element-ca3d7a4 elementor-align-center elementor-widget elementor-widget-button\" data-id=\"ca3d7a4\" data-element_type=\"widget\" data-e-type=\"widget\" data-widget_type=\"button.default\">\n\t\t\t\t\t\t\t\t\t\t<a class=\"elementor-button elementor-button-link elementor-size-lg elementor-animation-float\" href=\"https:\/\/www.atlantapackaging.eu\/es\/envolvedoras-combinadas-film-wraparound-combi\/\">\n\t\t\t\t\t\t<span class=\"elementor-button-content-wrapper\">\n\t\t\t\t\t\t\t\t\t<span class=\"elementor-button-text\">Serie Combi<\/span>\n\t\t\t\t\t<\/span>\n\t\t\t\t\t<\/a>\n\t\t\t\t\t\t\t\t<\/div>\n\t\t\t\t\t<\/div>\n\t\t<\/div>\n\t\t\t\t\t<\/div>\n\t\t<\/section>\n\t\t\t\t<\/div>\n\t\t","protected":false},"excerpt":{"rendered":"<p>Envolvedora all-in-oneencartonadoras wrap around con film termorretr\u00e1ctil Sistemas combinados wrap-around y film Las m\u00e1quinas autom\u00e1ticas Combi son la soluci\u00f3n all-in-one para quien quiere envolver los productos tanto con tecnolog\u00eda wrap-around como con film termorretr\u00e1ctil en una \u00fanica l\u00ednea de producci\u00f3n Serie Combi Encartonadora con film y wrap-around en una \u00fanica m\u00e1quina autom\u00e1tica hasta 50 paquetes\/minuto [&hellip;]<\/p>\n","protected":false},"author":1,"featured_media":0,"parent":0,"menu_order":0,"comment_status":"closed","ping_status":"closed","template":"elementor_header_footer","meta":{"footnotes":""},"class_list":["post-7622","page","type-page","status-publish","hentry"],"_links":{"self":[{"href":"https:\/\/www.atlantapackaging.eu\/es\/wp-json\/wp\/v2\/pages\/7622","targetHints":{"allow":["GET"]}}],"collection":[{"href":"https:\/\/www.atlantapackaging.eu\/es\/wp-json\/wp\/v2\/pages"}],"about":[{"href":"https:\/\/www.atlantapackaging.eu\/es\/wp-json\/wp\/v2\/types\/page"}],"author":[{"embeddable":true,"href":"https:\/\/www.atlantapackaging.eu\/es\/wp-json\/wp\/v2\/users\/1"}],"replies":[{"embeddable":true,"href":"https:\/\/www.atlantapackaging.eu\/es\/wp-json\/wp\/v2\/comments?post=7622"}],"version-history":[{"count":0,"href":"https:\/\/www.atlantapackaging.eu\/es\/wp-json\/wp\/v2\/pages\/7622\/revisions"}],"wp:attachment":[{"href":"https:\/\/www.atlantapackaging.eu\/es\/wp-json\/wp\/v2\/media?parent=7622"}],"curies":[{"name":"wp","href":"https:\/\/api.w.org\/{rel}","templated":true}]}}