{"id":7540,"date":"2022-08-01T09:15:19","date_gmt":"2022-08-01T07:15:19","guid":{"rendered":"https:\/\/www.atlantapackaging.eu\/about-atlanta\/"},"modified":"2024-07-30T09:56:33","modified_gmt":"2024-07-30T07:56:33","slug":"about-atlanta","status":"publish","type":"page","link":"https:\/\/www.atlantapackaging.eu\/es\/about-atlanta\/","title":{"rendered":"About Atlanta"},"content":{"rendered":"\t\t<div data-elementor-type=\"wp-page\" data-elementor-id=\"7540\" class=\"elementor elementor-7540 elementor-6002\" data-elementor-post-type=\"page\">\n\t\t\t\t\t\t<section class=\"elementor-section elementor-top-section elementor-element elementor-element-e2bf437 elementor-section-height-min-height elementor-section-items-bottom elementor-section-boxed elementor-section-height-default\" data-id=\"e2bf437\" data-element_type=\"section\" data-e-type=\"section\" data-settings=\"{&quot;background_background&quot;:&quot;classic&quot;}\">\n\t\t\t\t\t\t\t<div class=\"elementor-background-overlay\"><\/div>\n\t\t\t\t\t\t\t<div class=\"elementor-container elementor-column-gap-default\">\n\t\t\t\t\t<div class=\"elementor-column elementor-col-100 elementor-top-column elementor-element elementor-element-3f8a17a\" data-id=\"3f8a17a\" data-element_type=\"column\" data-e-type=\"column\">\n\t\t\t<div class=\"elementor-widget-wrap elementor-element-populated\">\n\t\t\t\t\t\t<div class=\"elementor-element elementor-element-85e968b elementor-widget__width-initial elementor-widget elementor-widget-heading\" data-id=\"85e968b\" data-element_type=\"widget\" data-e-type=\"widget\" data-widget_type=\"heading.default\">\n\t\t\t\t\t<h2 class=\"elementor-heading-title elementor-size-default\">La personalizaci\u00f3n es nuestro est\u00e1ndar<\/h2>\t\t\t\t<\/div>\n\t\t\t\t\t<\/div>\n\t\t<\/div>\n\t\t\t\t\t<\/div>\n\t\t<\/section>\n\t\t\t\t<section class=\"elementor-section elementor-top-section elementor-element elementor-element-fb40b9a elementor-section-boxed elementor-section-height-default elementor-section-height-default\" data-id=\"fb40b9a\" data-element_type=\"section\" data-e-type=\"section\" data-settings=\"{&quot;background_background&quot;:&quot;classic&quot;}\">\n\t\t\t\t\t\t<div class=\"elementor-container elementor-column-gap-default\">\n\t\t\t\t\t<div class=\"elementor-column elementor-col-50 elementor-top-column elementor-element elementor-element-c379074\" data-id=\"c379074\" data-element_type=\"column\" data-e-type=\"column\">\n\t\t\t<div class=\"elementor-widget-wrap elementor-element-populated\">\n\t\t\t\t\t\t<div class=\"elementor-element elementor-element-9794a57 elementor-widget elementor-widget-heading\" data-id=\"9794a57\" data-element_type=\"widget\" data-e-type=\"widget\" data-widget_type=\"heading.default\">\n\t\t\t\t\t<h4 class=\"elementor-heading-title elementor-size-default\">Somos una empresa especializada en m\u00e1quinas autom\u00e1ticas para el embalaje secundario fundada en 2001 con el objetivo de construir envolvedoras personalizables, <\/h4>\t\t\t\t<\/div>\n\t\t\t\t\t<\/div>\n\t\t<\/div>\n\t\t\t\t<div class=\"elementor-column elementor-col-50 elementor-top-column elementor-element elementor-element-6edac2e\" data-id=\"6edac2e\" data-element_type=\"column\" data-e-type=\"column\">\n\t\t\t<div class=\"elementor-widget-wrap elementor-element-populated\">\n\t\t\t\t\t\t<div class=\"elementor-element elementor-element-5ca793d elementor-widget elementor-widget-text-editor\" data-id=\"5ca793d\" data-element_type=\"widget\" data-e-type=\"widget\" data-widget_type=\"text-editor.default\">\n\t\t\t\t\t\t\t\t\t<p>porque sabemos que cada l\u00ednea de producci\u00f3n tiene caracter\u00edsticas especiales y requiere m\u00e1quinas espec\u00edficas para ser realmente eficiente.<\/p><p>Las envolvedoras ATLANTA se distinguen porque est\u00e1n dise\u00f1adas con una l\u00f3gica modular que nos permite componer contigo tu propio modelo bajo demanda, a partir de una amplia selecci\u00f3n de elementos est\u00e1ndar.<br>Por este motivo, las envolvedoras ATLANTA son eficaces, competitivas y eficientes.<\/p><p class=\"grigio\">La experiencia obtenida en estos a\u00f1os de estrecha colaboraci\u00f3n tanto con empresas internacionales como con empresas de peque\u00f1as y medianas dimensiones nos ha permitido poner a punto una amplia oferta de m\u00e1quinas autom\u00e1ticas para el embalaje: <a href=\"https:\/\/www.atlantapackaging.eu\/es\/enfardadoras-con-film-termorretractil\/\">enfardadoras<\/a> con film termorretr\u00e1ctil, <a href=\"https:\/\/www.atlantapackaging.eu\/es\/encartonadoras-wrap-around\/\">encartonadoras<\/a> wrap around, <a href=\"https:\/\/www.atlantapackaging.eu\/es\/sistemas-combinados-wrap-around-y-film\/\">sistemas combinados<\/a>y las reci\u00e9n llegadas <a href=\"https:\/\/www.atlantapackaging.eu\/progreen-imballo-ecologico\/\">PROGREEN<\/a> las envolvedoras con ecostrap, que permiten reducir en un 80% el uso del pl\u00e1stico en el embalaje secundario.<\/p>\t\t\t\t\t\t\t\t<\/div>\n\t\t\t\t\t<\/div>\n\t\t<\/div>\n\t\t\t\t\t<\/div>\n\t\t<\/section>\n\t\t\t\t<section class=\"elementor-section elementor-top-section elementor-element elementor-element-9e0d6d2 elementor-section-boxed elementor-section-height-default elementor-section-height-default\" data-id=\"9e0d6d2\" data-element_type=\"section\" data-e-type=\"section\" data-settings=\"{&quot;background_background&quot;:&quot;classic&quot;}\">\n\t\t\t\t\t\t<div class=\"elementor-container elementor-column-gap-default\">\n\t\t\t\t\t<div class=\"elementor-column elementor-col-33 elementor-top-column elementor-element elementor-element-67f9422\" data-id=\"67f9422\" data-element_type=\"column\" data-e-type=\"column\">\n\t\t\t<div class=\"elementor-widget-wrap elementor-element-populated\">\n\t\t\t\t\t\t<div class=\"elementor-element elementor-element-749d13d elementor-widget elementor-widget-counter\" data-id=\"749d13d\" data-element_type=\"widget\" data-e-type=\"widget\" data-widget_type=\"counter.default\">\n\t\t\t\t\t\t\t<div class=\"elementor-counter\">\n\t\t\t<div class=\"elementor-counter-title\">A\u00f1os de experiencia <\/div>\t\t\t<div class=\"elementor-counter-number-wrapper\">\n\t\t\t\t<span class=\"elementor-counter-number-prefix\"><\/span>\n\t\t\t\t<span class=\"elementor-counter-number\" data-duration=\"2000\" data-to-value=\"21\" data-from-value=\"0\" data-delimiter=\",\">0<\/span>\n\t\t\t\t<span class=\"elementor-counter-number-suffix\"><\/span>\n\t\t\t<\/div>\n\t\t<\/div>\n\t\t\t\t\t\t<\/div>\n\t\t\t\t\t<\/div>\n\t\t<\/div>\n\t\t\t\t<div class=\"elementor-column elementor-col-33 elementor-top-column elementor-element elementor-element-0c7df4e\" data-id=\"0c7df4e\" data-element_type=\"column\" data-e-type=\"column\">\n\t\t\t<div class=\"elementor-widget-wrap elementor-element-populated\">\n\t\t\t\t\t\t<div class=\"elementor-element elementor-element-9c5c80a elementor-widget elementor-widget-counter\" data-id=\"9c5c80a\" data-element_type=\"widget\" data-e-type=\"widget\" data-widget_type=\"counter.default\">\n\t\t\t\t\t\t\t<div class=\"elementor-counter\">\n\t\t\t<div class=\"elementor-counter-title\">Envolvedoras<br> en 62 pa\u00edses<\/div>\t\t\t<div class=\"elementor-counter-number-wrapper\">\n\t\t\t\t<span class=\"elementor-counter-number-prefix\"><\/span>\n\t\t\t\t<span class=\"elementor-counter-number\" data-duration=\"2000\" data-to-value=\"1096\" data-from-value=\"0\">0<\/span>\n\t\t\t\t<span class=\"elementor-counter-number-suffix\"><\/span>\n\t\t\t<\/div>\n\t\t<\/div>\n\t\t\t\t\t\t<\/div>\n\t\t\t\t\t<\/div>\n\t\t<\/div>\n\t\t\t\t<div class=\"elementor-column elementor-col-33 elementor-top-column elementor-element elementor-element-c218626\" data-id=\"c218626\" data-element_type=\"column\" data-e-type=\"column\">\n\t\t\t<div class=\"elementor-widget-wrap elementor-element-populated\">\n\t\t\t\t\t\t<div class=\"elementor-element elementor-element-baf9d5e elementor-widget elementor-widget-counter\" data-id=\"baf9d5e\" data-element_type=\"widget\" data-e-type=\"widget\" data-widget_type=\"counter.default\">\n\t\t\t\t\t\t\t<div class=\"elementor-counter\">\n\t\t\t<div class=\"elementor-counter-title\">Modelos de m\u00e1quinas para el embalaje, todos personalizables<\/div>\t\t\t<div class=\"elementor-counter-number-wrapper\">\n\t\t\t\t<span class=\"elementor-counter-number-prefix\"><\/span>\n\t\t\t\t<span class=\"elementor-counter-number\" data-duration=\"2000\" data-to-value=\"32\" data-from-value=\"0\" data-delimiter=\",\">0<\/span>\n\t\t\t\t<span class=\"elementor-counter-number-suffix\"><\/span>\n\t\t\t<\/div>\n\t\t<\/div>\n\t\t\t\t\t\t<\/div>\n\t\t\t\t\t<\/div>\n\t\t<\/div>\n\t\t\t\t\t<\/div>\n\t\t<\/section>\n\t\t\t\t<section class=\"elementor-section elementor-top-section elementor-element elementor-element-b42ead9 elementor-section-boxed elementor-section-height-default elementor-section-height-default\" data-id=\"b42ead9\" data-element_type=\"section\" data-e-type=\"section\" data-settings=\"{&quot;background_background&quot;:&quot;classic&quot;}\">\n\t\t\t\t\t\t<div class=\"elementor-container elementor-column-gap-default\">\n\t\t\t\t\t<div class=\"elementor-column elementor-col-66 elementor-top-column elementor-element elementor-element-5e22733\" data-id=\"5e22733\" data-element_type=\"column\" data-e-type=\"column\">\n\t\t\t<div class=\"elementor-widget-wrap elementor-element-populated\">\n\t\t\t\t\t\t<div class=\"elementor-element elementor-element-594978b elementor-widget elementor-widget-heading\" data-id=\"594978b\" data-element_type=\"widget\" data-e-type=\"widget\" data-widget_type=\"heading.default\">\n\t\t\t\t\t<h4 class=\"elementor-heading-title elementor-size-default\">The best way to say packaging\nes nuestra misi\u00f3n.<\/h4>\t\t\t\t<\/div>\n\t\t\t\t<div class=\"elementor-element elementor-element-290407e elementor-widget elementor-widget-text-editor\" data-id=\"290407e\" data-element_type=\"widget\" data-e-type=\"widget\" data-widget_type=\"text-editor.default\">\n\t\t\t\t\t\t\t\t\t<p>Nuestras envolvedoras est\u00e1n <strong>pensadas para ser eficientes cada d\u00eda con constancia a lo largo de a\u00f1os<\/strong>, porque cada parada de l\u00ednea no planificada es un coste para las empresas. Por este motivo, hemos dedicado recursos y compromiso para hacerlas \u00abf\u00e1ciles\u00bb de usar y con tiempos de mantenimiento m\u00ednimos, con el fin de garantizar un <strong>TCO (total cost of ownership) extremadamente competitivo.<\/strong><\/p>\t\t\t\t\t\t\t\t<\/div>\n\t\t\t\t\t<\/div>\n\t\t<\/div>\n\t\t\t\t<div class=\"elementor-column elementor-col-33 elementor-top-column elementor-element elementor-element-78102d2\" data-id=\"78102d2\" data-element_type=\"column\" data-e-type=\"column\">\n\t\t\t<div class=\"elementor-widget-wrap elementor-element-populated\">\n\t\t\t\t\t\t<div class=\"elementor-element elementor-element-65e4924 elementor-widget elementor-widget-text-editor\" data-id=\"65e4924\" data-element_type=\"widget\" data-e-type=\"widget\" data-widget_type=\"text-editor.default\">\n\t\t\t\t\t\t\t\t\t<iframe width=\"560\" height=\"315\" data-cookieconsent=\"preferencias, marketing\" data-src=\"https:\/\/www.youtube.com\/embed\/jwp8pPfEN9c\" title=\"YouTube video player\" frameborder=\"0\" allow=\"accelerometer; autoplay; clipboard-write; encrypted-media; gyroscope; picture-in-picture\" allowfullscreen=\"\"><\/iframe><div class=\"cookieconsent-optout-preferences cookieconsent-optout-marketing\">Por favor, acepta las cookies de <a href=\"javascript:Cookiebot.renew()\">preferencias, marketing<\/a> para ver este v\u00eddeo.<\/div>\t\t\t\t\t\t\t\t<\/div>\n\t\t\t\t\t<\/div>\n\t\t<\/div>\n\t\t\t\t\t<\/div>\n\t\t<\/section>\n\t\t\t\t<section class=\"elementor-section elementor-top-section elementor-element elementor-element-bfc19f2 elementor-section-boxed elementor-section-height-default elementor-section-height-default\" data-id=\"bfc19f2\" data-element_type=\"section\" data-e-type=\"section\" data-settings=\"{&quot;background_background&quot;:&quot;classic&quot;}\">\n\t\t\t\t\t\t<div class=\"elementor-container elementor-column-gap-default\">\n\t\t\t\t\t<div class=\"elementor-column elementor-col-100 elementor-top-column elementor-element elementor-element-42baef1\" data-id=\"42baef1\" data-element_type=\"column\" data-e-type=\"column\">\n\t\t\t<div class=\"elementor-widget-wrap elementor-element-populated\">\n\t\t\t\t\t\t<div class=\"elementor-element elementor-element-3609db9 elementor-widget elementor-widget-heading\" data-id=\"3609db9\" data-element_type=\"widget\" data-e-type=\"widget\" data-widget_type=\"heading.default\">\n\t\t\t\t\t<h4 class=\"elementor-heading-title elementor-size-default\"><span style=\"color: #E30713;font-weight:800\">Atlanta network<\/span><br>\nSoluciones para el final de l\u00ednea.<\/h4>\t\t\t\t<\/div>\n\t\t\t\t<div class=\"elementor-element elementor-element-3861709 elementor-widget elementor-widget-text-editor\" data-id=\"3861709\" data-element_type=\"widget\" data-e-type=\"widget\" data-widget_type=\"text-editor.default\">\n\t\t\t\t\t\t\t\t\t<p><b>M\u00e1s de 15.000 clientes en todo el mundo<\/b> utilizan cada d\u00eda nuestras m\u00e1quinas; han optado por Atlanta Network porque saben que pueden contar con tecnolog\u00edas fiables y una red de t\u00e9cnicos expertos en los diferentes<strong>sectores de la alimentaci\u00f3n, de las bebidas, qu\u00edmico y farmac\u00e9utico.<\/strong><\/p>\t\t\t\t\t\t\t\t<\/div>\n\t\t\t\t\t<\/div>\n\t\t<\/div>\n\t\t\t\t\t<\/div>\n\t\t<\/section>\n\t\t\t\t<section class=\"elementor-section elementor-top-section elementor-element elementor-element-6bb385c elementor-section-boxed elementor-section-height-default elementor-section-height-default\" data-id=\"6bb385c\" data-element_type=\"section\" data-e-type=\"section\" data-settings=\"{&quot;background_background&quot;:&quot;classic&quot;}\">\n\t\t\t\t\t\t<div class=\"elementor-container elementor-column-gap-wider\">\n\t\t\t\t\t<div class=\"elementor-column elementor-col-33 elementor-top-column elementor-element elementor-element-33d712d\" data-id=\"33d712d\" data-element_type=\"column\" data-e-type=\"column\">\n\t\t\t<div class=\"elementor-widget-wrap elementor-element-populated\">\n\t\t\t\t\t\t<div class=\"elementor-element elementor-element-a888b03 elementor-widget elementor-widget-image\" data-id=\"a888b03\" data-element_type=\"widget\" data-e-type=\"widget\" data-widget_type=\"image.default\">\n\t\t\t\t\t\t\t\t\t\t\t\t\t\t\t<img fetchpriority=\"high\" decoding=\"async\" width=\"709\" height=\"244\" src=\"https:\/\/www.atlantapackaging.eu\/wp-content\/uploads\/2024\/07\/atlanta_stretch_logo.png\" class=\"attachment-large size-large wp-image-10323\" alt=\"\" srcset=\"https:\/\/www.atlantapackaging.eu\/wp-content\/uploads\/2024\/07\/atlanta_stretch_logo.png 709w, https:\/\/www.atlantapackaging.eu\/wp-content\/uploads\/2024\/07\/atlanta_stretch_logo-300x103.png 300w\" sizes=\"(max-width: 709px) 100vw, 709px\" title=\"\">\t\t\t\t\t\t\t\t\t\t\t\t\t\t\t<\/div>\n\t\t\t\t<div class=\"elementor-element elementor-element-1f20015 elementor-widget elementor-widget-text-editor\" data-id=\"1f20015\" data-element_type=\"widget\" data-e-type=\"widget\" data-widget_type=\"text-editor.default\">\n\t\t\t\t\t\t\t\t\t<p>La empresa <b>ATLANTA STRETCH SpA<\/b> est\u00e1 especializada en la producci\u00f3n de <b>m\u00e1quinas envolvedoras de palets<\/b> tanto autom\u00e1ticas como semiautom\u00e1ticas.<br>La experiencia de m\u00e1s de treinta a\u00f1os del Top Management permite a la empresa producir la gama m\u00e1s completa del mundo de envolvedoras con film extensible.<br>Las referencias de las que m\u00e1s orgullosos estamos son los clientes \u201cclave\u201d del sector de la ALIMENTACI\u00d3N y de las BEBIDAS, las multinacionales del CART\u00d3N y del TIS\u00da, y otros clientes importantes del sector QU\u00cdMICO y FARMAC\u00c9UTICO. Cuando un cliente opta por una envolvedora ATLANTA STRETCH SpA, est\u00e1 seguro de obtener innovaci\u00f3n, fiabilidad y costes reducidos de gesti\u00f3n en cualquier condici\u00f3n de uso.<br>Visita la p\u00e1gina web: <a href=\"https:\/\/www.atlantastretch.com\/it\/\" target=\"_blank\" rel=\"noopener\">www.atlantastretch.com<\/a><\/p>\t\t\t\t\t\t\t\t<\/div>\n\t\t\t\t\t<\/div>\n\t\t<\/div>\n\t\t\t\t<div class=\"elementor-column elementor-col-33 elementor-top-column elementor-element elementor-element-5b57376\" data-id=\"5b57376\" data-element_type=\"column\" data-e-type=\"column\">\n\t\t\t<div class=\"elementor-widget-wrap elementor-element-populated\">\n\t\t\t\t\t\t<div class=\"elementor-element elementor-element-4708e2f elementor-widget elementor-widget-image\" data-id=\"4708e2f\" data-element_type=\"widget\" data-e-type=\"widget\" data-widget_type=\"image.default\">\n\t\t\t\t\t\t\t\t\t\t\t\t\t\t\t<img decoding=\"async\" width=\"709\" height=\"244\" src=\"https:\/\/www.atlantapackaging.eu\/wp-content\/uploads\/2024\/07\/lp_packaging_logo.png\" class=\"attachment-large size-large wp-image-10310\" alt=\"\" srcset=\"https:\/\/www.atlantapackaging.eu\/wp-content\/uploads\/2024\/07\/lp_packaging_logo.png 709w, https:\/\/www.atlantapackaging.eu\/wp-content\/uploads\/2024\/07\/lp_packaging_logo-300x103.png 300w\" sizes=\"(max-width: 709px) 100vw, 709px\" title=\"\">\t\t\t\t\t\t\t\t\t\t\t\t\t\t\t<\/div>\n\t\t\t\t<div class=\"elementor-element elementor-element-4aa8b73 elementor-widget elementor-widget-text-editor\" data-id=\"4aa8b73\" data-element_type=\"widget\" data-e-type=\"widget\" data-widget_type=\"text-editor.default\">\n\t\t\t\t\t\t\t\t\t<p>La empresa LP PACKAGING Srl est\u00e1 especializada en la construcci\u00f3n de m\u00e1quinas de embalaje en film termorretr\u00e1ctil y de cart\u00f3n para los sectores de la alimentaci\u00f3n, de las bebidas, de la comida para animales, de los detergentes, de los lubricantes y de los productos para la higiene personal. Podemos dise\u00f1ar y construir tambi\u00e9n maquinarias con ejecuciones t\u00e9cnicas personalizadas que no pueden conseguir otras empresas.<br>LP PACKAGING Srl fabrica maquinarias desde 1985 y con los a\u00f1os ha adquirido una enorme experiencia. Nuestra atenci\u00f3n se concentra en encontrar soluciones a las necesidades individuales y espec\u00edficas. Estas soluciones son fruto de la experiencia consolidada y parten de una extensa base de datos con much\u00edsimos tipos de productos (de los m\u00e1s pesados a los m\u00e1s ligeros y con las formas m\u00e1s extra\u00f1as imaginables).<br>Comparte con nosotros tus necesidades y consulta con nosotros para una soluci\u00f3n completa de LP PACKAGING Srl. Nuestro equipo estar\u00e1 encantado de asistirte en tus necesidades con un apoyo profesional, r\u00e1pido y fiable.<br>Visita la p\u00e1gina web: <a href=\"http:\/\/www.lp-packaging.it\/\" target=\"_blank\" rel=\"noopener\">www.lp-packaging.it<\/a><\/p>\t\t\t\t\t\t\t\t<\/div>\n\t\t\t\t\t<\/div>\n\t\t<\/div>\n\t\t\t\t<div class=\"elementor-column elementor-col-33 elementor-top-column elementor-element elementor-element-560395b\" data-id=\"560395b\" data-element_type=\"column\" data-e-type=\"column\">\n\t\t\t<div class=\"elementor-widget-wrap elementor-element-populated\">\n\t\t\t\t\t\t<div class=\"elementor-element elementor-element-f814dfc elementor-widget elementor-widget-image\" data-id=\"f814dfc\" data-element_type=\"widget\" data-e-type=\"widget\" data-widget_type=\"image.default\">\n\t\t\t\t\t\t\t\t\t\t\t\t\t\t\t<img decoding=\"async\" width=\"709\" height=\"244\" src=\"https:\/\/www.atlantapackaging.eu\/wp-content\/uploads\/2024\/07\/comarme_sealing_logo.png\" class=\"attachment-large size-large wp-image-10327\" alt=\"\" srcset=\"https:\/\/www.atlantapackaging.eu\/wp-content\/uploads\/2024\/07\/comarme_sealing_logo.png 709w, https:\/\/www.atlantapackaging.eu\/wp-content\/uploads\/2024\/07\/comarme_sealing_logo-300x103.png 300w\" sizes=\"(max-width: 709px) 100vw, 709px\" title=\"\">\t\t\t\t\t\t\t\t\t\t\t\t\t\t\t<\/div>\n\t\t\t\t<div class=\"elementor-element elementor-element-ce4798c elementor-widget elementor-widget-text-editor\" data-id=\"ce4798c\" data-element_type=\"widget\" data-e-type=\"widget\" data-widget_type=\"text-editor.default\">\n\t\t\t\t\t\t\t\t\t<p>La empresa COMARME SRL es l\u00edder mundial en la fabricaci\u00f3n y distribuci\u00f3n de encintadoras y formadores autom\u00e1ticos de cajas americanas con cinta adhesiva est\u00e1ndar, con papel engomado y con adhesivo termofusible.<br>COMARME se fund\u00f3 a principios del siglo XX. A partir de los a\u00f1os 60, la actividad principal pas\u00f3 a ser la de las m\u00e1quinas encintadoras. El nombre en ingl\u00e9s de \u201ccase sealer\u201d fue desarrollado por COMARME y se convirti\u00f3 en sin\u00f3nimo de buena pr\u00e1ctica en el cierre de cajas con cinta adhesiva. Hasta este punto llegaba la reputaci\u00f3n de COMARME en todo el mercado mundial.<br>Hace 5 a\u00f1os, el grupo ATLANTA adquiri\u00f3 COMARME.<br>Visita nuestra p\u00e1gina web: <a href=\"http:\/\/www.comarmesrl.com\/\" target=\"_blank\" rel=\"noopener\">www.comarmesrl.com<\/a><\/p>\t\t\t\t\t\t\t\t<\/div>\n\t\t\t\t\t<\/div>\n\t\t<\/div>\n\t\t\t\t\t<\/div>\n\t\t<\/section>\n\t\t\t\t<\/div>\n\t\t","protected":false},"excerpt":{"rendered":"<p>La personalizaci\u00f3n es nuestro est\u00e1ndar Somos una empresa especializada en m\u00e1quinas autom\u00e1ticas para el embalaje secundario fundada en 2001 con el objetivo de construir envolvedoras personalizables, porque sabemos que cada l\u00ednea de producci\u00f3n tiene caracter\u00edsticas especiales y requiere m\u00e1quinas espec\u00edficas para ser realmente eficiente. Las envolvedoras ATLANTA se distinguen porque est\u00e1n dise\u00f1adas con una l\u00f3gica [&hellip;]<\/p>\n","protected":false},"author":1,"featured_media":0,"parent":0,"menu_order":0,"comment_status":"closed","ping_status":"closed","template":"elementor_header_footer","meta":{"footnotes":""},"class_list":["post-7540","page","type-page","status-publish","hentry"],"_links":{"self":[{"href":"https:\/\/www.atlantapackaging.eu\/es\/wp-json\/wp\/v2\/pages\/7540","targetHints":{"allow":["GET"]}}],"collection":[{"href":"https:\/\/www.atlantapackaging.eu\/es\/wp-json\/wp\/v2\/pages"}],"about":[{"href":"https:\/\/www.atlantapackaging.eu\/es\/wp-json\/wp\/v2\/types\/page"}],"author":[{"embeddable":true,"href":"https:\/\/www.atlantapackaging.eu\/es\/wp-json\/wp\/v2\/users\/1"}],"replies":[{"embeddable":true,"href":"https:\/\/www.atlantapackaging.eu\/es\/wp-json\/wp\/v2\/comments?post=7540"}],"version-history":[{"count":0,"href":"https:\/\/www.atlantapackaging.eu\/es\/wp-json\/wp\/v2\/pages\/7540\/revisions"}],"wp:attachment":[{"href":"https:\/\/www.atlantapackaging.eu\/es\/wp-json\/wp\/v2\/media?parent=7540"}],"curies":[{"name":"wp","href":"https:\/\/api.w.org\/{rel}","templated":true}]}}